{"id":53,"date":"2015-02-05T06:49:09","date_gmt":"2015-02-05T05:49:09","guid":{"rendered":"https:\/\/ledressingdesmariees.com\/?page_id=53"},"modified":"2020-09-21T14:03:47","modified_gmt":"2020-09-21T12:03:47","slug":"mentions-legales","status":"publish","type":"page","link":"https:\/\/ledressingdesmariees.com\/en\/collections\/homepage-agency-2\/mentions-legales\/","title":{"rendered":"Legal notice"},"content":{"rendered":"<div class=\"banner has-hover\" id=\"banner-1508052863\">\n          <div class=\"banner-inner fill\">\n        <div class=\"banner-bg fill\" >\n            <div class=\"bg fill bg-fill\"><\/div>\n                        <div class=\"overlay\"><\/div>            \n                    <\/div><!-- bg-layers -->\n        <div class=\"banner-layers container\">\n            <div class=\"fill banner-link\"><\/div>            \n   <div id=\"text-box-2102293054\" class=\"text-box banner-layer x50 md-x50 lg-x50 y50 md-y50 lg-y50 res-text\">\n                                <div class=\"text dark\">\n              \n              <div class=\"text-inner text-center\">\n                  \n<h1 style=\"text-align: center;\">Legal notice<\/h1>\n              <\/div>\n           <\/div><!-- text-box-inner -->\n                            \n<style scope=\"scope\">\n\n#text-box-2102293054 {\n  width: 60%;\n}\n#text-box-2102293054 .text {\n  font-size: 100%;\n}\n<\/style>\n    <\/div><!-- text-box -->\n \n        <\/div><!-- .banner-layers -->\n      <\/div><!-- .banner-inner -->\n\n            \n<style scope=\"scope\">\n\n#banner-1508052863 {\n  padding-top: 500px;\n}\n#banner-1508052863 .bg.bg-loaded {\n  background-image: url(https:\/\/ledressingdesmariees.com\/wp-content\/uploads\/2016\/08\/14-1024x683.jpg);\n}\n#banner-1508052863 .overlay {\n  background-color: rgba(0, 0, 0, 0.17);\n}\n<\/style>\n  <\/div><!-- .banner -->\n\n\n<div class=\"row\"  id=\"row-1011368444\">\n<div class=\"col small-12 large-12\"  ><div class=\"col-inner\"  >\n<h2>Conditions de vente pour les ventes sur place<\/h2>\n<p>1 &#8211; <strong>La soci\u00e9t\u00e9<\/strong><\/p>\n<p>Le Dressing des Mari\u00e9es Sarl au capital de 6000 euros enregistr\u00e9 au Tribunal de commerce de Thonon-les-Bains.<\/p>\n<p>Le Dressing des Mari\u00e9es sarl est h\u00e9berg\u00e9 par Infomaniak Network SA\u00a0<a href=\"https:\/\/contact.infomaniak.com\/\" target=\"_blank\" rel=\"noopener\" data-saferedirecturl=\"https:\/\/www.google.com\/url?hl=fr&amp;q=https:\/\/contact.infomaniak.com&amp;source=gmail&amp;ust=1470301482776000&amp;usg=AFQjCNEmkHzfs2U_M95snwFiyA8l3VNCHQ\">https:\/\/contact.infomaniak.com<\/a>\u00a0Avenue de la Praille, 26 &#8211; 1227 Carouge &#8211; Suisse<br \/>N\u00b0 IDE &amp; TVA : CHE-103.167.648<\/p>\n<p><strong>2 &#8211; Les produits<\/strong><\/p>\n<p>Les produits accept\u00e9s sont ceux qui figurent sur les sites www.ledressingdesmariees.com et www.outletdesmariees.com<\/p>\n<p>Les produits en vente sont ceux qui figurent sur sur les sites www.ledressingdesmariees.com et www.outletdesmariees.com<\/p>\n<p><strong>3 &#8211; Les prix<\/strong><\/p>\n<p>Les prix des articles sont affich\u00e9s en boutique et indiqu\u00e9s en EURO toutes taxes comprises.<\/p>\n<p>Un article en vente peut pr\u00e9senter des caract\u00e9ristiques diff\u00e9rentes entre la description sur les site www.ledressingdesmariees.com ou outletdesmariees.com l\u2019article pr\u00e9sent\u00e9 \u00e0 l\u2019essayage en boutique. C\u2019est les caract\u00e9ristiques du mod\u00e8le propos\u00e9s \u00e0 l\u2019essayage en boutique qui pr\u00e9valent sur le site internet.<\/p>\n<p><strong>6 \u2013 Livraison<\/strong><\/p>\n<p>La livraison s\u2019effectue sur place, \u00e0 la boutique au moment de l\u2019achat, soit apr\u00e8s les retouches effectu\u00e9es par l&rsquo;\u00e9quipe du du Dressing des Mari\u00e9es.<\/p>\n<p><strong>7 &#8211; Paiement<\/strong><\/p>\n<p>Le r\u00e8glement des achats s&rsquo;effectue soit par virement bancaire, soit en CB (cartes \u00e9trang\u00e8re snon accept\u00e9es) soit en esp\u00e8ces.<\/p>\n<p><strong>8 &#8211; Service Client\u00e8le<\/strong><\/p>\n<p>Pour toute information ou question, notre Service Client\u00e8le est \u00e0 votre disposition :<\/p>\n<p>Tel : +33 09 52 75 22 05\u00a0<\/p>\n<p>Email :\u00a0contact@ledressingdesmariees.com<\/p>\n<p><strong>9 &#8211; Responsabilit\u00e9<\/strong><\/p>\n<p>Les produits propos\u00e9s sont conformes \u00e0 la l\u00e9gislation Fran\u00e7aise en vigueur et aux normes applicables en France.<\/p>\n<p>Les photos sont communiqu\u00e9es \u00e0 titre illustratif. Nous vous invitons \u00e0 vous reporter au descriptif de chaque produit pour en conna\u00eetre les caract\u00e9ristiques pr\u00e9cises; en cas de doute ou si vous souhaitez des renseignements compl\u00e9mentaires n&rsquo;h\u00e9sitez pas \u00e0 nous contacter.<\/p>\n<p><strong>10 &#8211; Informations nominatives<\/strong><\/p>\n<p>Conform\u00e9ment \u00e0 la loi informatique et libert\u00e9s du 6 janvier 1978, vous disposez d&rsquo;un droit d&rsquo;acc\u00e8s et de rectification aux donn\u00e9es personnelles vous concernant.<\/p>\n<p><span style=\"font-size: 110%;\"><strong>CONDITIONS G\u00c9N\u00c9RALES DE VENTE<\/strong><\/span><\/p>\n<p>En signant ce contrat de vente, vous vous engagez dans une relation contractuelle pour l&rsquo;achat et nous pour la livraison d&rsquo;une robe de mari\u00e9e ou tout autre article dont les d\u00e9tails sont mentionn\u00e9s au verso. Vous et nous confirmons ensemble par cet accord \u00eatre li\u00e9 aux conditions g\u00e9n\u00e9rales de vente.<\/p>\n<ol>\n<li>COMMANDE DE LA ROBE<\/li>\n<\/ol>\n<p>a. Chaque robe est un \u00e9l\u00e9ment unique, sp\u00e9cifique \u00e0 votre commande et aux mensurations prises. Lors de la commande, les mensurations sont prises et vous vous engagez \u00e0 ce que ces mensurations ne changent pas entre la date de prise de mensuration et la date du mariage. La robe sera con\u00e7ue conform\u00e9ment \u00e0 votre taille, ou pour le cas du \u00ab\u00a0sur-mesure\u00a0\u00bb, conform\u00e9ment \u00e0 aux mesures prises \u00e0 la date de votre commande.\u00a0<\/p>\n<p>b. D\u00e8s lors que vous commandez une robe, nous arrangeons un rendez-vous pour le premier essayage (date du premier rendez-vous couture).<\/p>\n<p>c. Si vos mensurations prises lors de votre commande changent consid\u00e9rablement et que cela n\u00e9cessite des retouches importantes, vous \u00eates responsable des co\u00fbts li\u00e9s aux retouches.<\/p>\n<p>d. La robe sera ajust\u00e9e lors de votre premier message couture. Notre couturi\u00e8re vous donnera un devis estim\u00e9 \u00a0du co\u00fbt et celui-ci sera confirm\u00e9 avant votre deuxi\u00e8me essayage \u00ab\u00a0v\u00e9rification\u00a0\u00bb de votre robe et de vos accessoires.<\/p>\n<p>e. Si vous le souhaitez, votre robe sera retouch\u00e9e au sein de l&rsquo;atelier du Dressing des Mari\u00e9es. Votre premier essayage est un \u00e9pinglage afin d&rsquo;ajuster la robe sur vous. Le deuxi\u00e8me essayage est une v\u00e9rification des retouches, enfin le troisi\u00e8me rendez-vous est la livraison de votre robe et de vos accessoires. Il est imp\u00e9ratif de prendre avec vous votre lingerie et vos chaussures lors de chaque rendez-vous. Toute absence lors de ces rendez-vous vous sera factur\u00e9 50 euros si vous ne pr\u00e9venez pas au moins 48h00 \u00e0 l&rsquo;avance.\u00a0<\/p>\n<p>f. Les transformations seront factur\u00e9es en suppl\u00e9ment.<\/p>\n<p>g. Les mod\u00e8les \u00ab\u00a0sur mesure\u00a0\u00bb feront l&rsquo;objet d&rsquo;un devis pr\u00e9alable.<\/p>\n<p>h. Les modifications de taille seront factur\u00e9es en suppl\u00e9ment.<\/p>\n<p>2. ANNULATION DE LA COMMANDE<\/p>\n<p>a. Nous sommes au regret de vous annoncer qu&rsquo;aucun remboursement ou \u00e9change pour une robe ne pourra \u00eatre effectu\u00e9 pass\u00e9 un d\u00e9lai de dix jours maximum apr\u00e8s la date de l&rsquo;achat. Pour les robes vendues sold\u00e9e le d\u00e9lai de r\u00e9tractation est de 24h00. Au cas o\u00f9 vous souhaitez annuler votre commande pour une robe, nous serions autoris\u00e9s \u00e0 retenir l&rsquo;int\u00e9gralit\u00e9 de votre acompte. Toute contestations relative \u00e0 la commande doivent \u00eatre formul\u00e9s imm\u00e9diatement par \u00e9crit avec Accus\u00e9 de R\u00e9ception dans un d\u00e9lai de dix jours maximum apr\u00e8s la date de l&rsquo;achat \u00e0 Le Dressing des Mari\u00e9es SARL- 7 Rue Aristide Briand 74100 Annemasse. Toutes r\u00e9clamations ou annulation ult\u00e9rieures seront irrecevables.<\/p>\n<p>b. Le report de commande n&rsquo;est pas possible. Si en cas exceptionnel une commande est report\u00e9e, cela sera le cas pour une dur\u00e9e maximale de douze mois suivant la date originale de la commande. Toute commande non compl\u00e9t\u00e9e douze mois apr\u00e8s la date originale d&rsquo;achat sera trait\u00e9e comma annulation et la clause 2.a sera appliqu\u00e9e.<\/p>\n<p>c. En cas de commande d&rsquo;accessoires la somme totale sera requise \u00e0 la commande. Les accessoires (chaussures, lingerie, bijoux) sont non \u00e9changeable et non remboursable.<\/p>\n<p>3 CONDITION DE PAIEMENT<\/p>\n<p>a. Vous serez tenus de payer un acompte non remboursable pour vos achats \u00e0 la date de la commande, sujet au paragraphe 2.a ci-dessus, de vente pour cent du prix total mentionn\u00e9 sur le bon de commande.\u00a0<\/p>\n<p>b. La somme restante non pay\u00e9e de votre robe et de vos accessoires sera due pour la date du premier essayage couture au plus tard et payable en esp\u00e8ce ou par virement bancaire.<\/p>\n<p>c. Nous vous rappelons que le retouches ne sont pas inclus dans le prix de la robe et que vous devez pour la date de la livraison au plus tard.<\/p>\n<p>d. Toutes les robes et tous les accessoires restent notre propri\u00e9t\u00e9 jusqu&rsquo;au paiement complet de tous les articles.<\/p>\n<p>4 RESPONSABILIT\u00c9<\/p>\n<p>a. Notre responsabilit\u00e9 envers vous dans le cadre de ce contrat est limit\u00e9 \u00e0 vos pertes r\u00e9sultant de notre rupture du contrat.<\/p>\n<p>b. Nous ne pourrons pas \u00eatre tenus pour responsables envers vous d&rsquo;une rupture de contrat caus\u00e9e par des circonstances hors de notre contr\u00f4le ou en cas de force majeure.<\/p>\n<p>c. Toutes contestations, tous litiges n\u00e9s du contrat rel\u00e8vent du tribunal de commerce comp\u00e9tent.<\/p>\n<p style=\"text-align: center;\">SARL Le Dressing des Mari\u00e9es au Capital de 6&rsquo;000 euros &#8211; 7 Rue Aristide Briand 74100 Annemasse France Tel. 09 52 74 22 05 contact@ledressingdesmariees.com RCS Thonon les Bains : 821 918 109 00017 &#8211; N\u00b0TVA FR 80 821 918 109 &#8211; APE: 1413Z<\/p>\n<p>\u00a0<\/p>\n<\/div><\/div>\n<\/div>","protected":false},"excerpt":{"rendered":"","protected":false},"author":2,"featured_media":0,"parent":989,"menu_order":0,"comment_status":"open","ping_status":"open","template":"page-transparent-header-light.php","meta":{"footnotes":""},"class_list":["post-53","page","type-page","status-publish","hentry"],"yoast_head":"<!-- This site is optimized with the Yoast SEO plugin v27.4 - https:\/\/yoast.com\/product\/yoast-seo-wordpress\/ -->\n<title>Mentions l\u00e9gales - Le dressing des mariees<\/title>\n<meta name=\"robots\" content=\"index, follow, max-snippet:-1, max-image-preview:large, max-video-preview:-1\" \/>\n<link rel=\"canonical\" href=\"https:\/\/ledressingdesmariees.com\/en\/homepage-agency\/mentions-legales\/\" \/>\n<meta property=\"og:locale\" content=\"en_GB\" \/>\n<meta property=\"og:type\" content=\"article\" \/>\n<meta property=\"og:title\" content=\"Mentions l\u00e9gales - Le dressing des mariees\" \/>\n<meta property=\"og:url\" content=\"https:\/\/ledressingdesmariees.com\/en\/homepage-agency\/mentions-legales\/\" \/>\n<meta property=\"og:site_name\" content=\"Le dressing des mariees\" \/>\n<meta property=\"article:publisher\" content=\"https:\/\/www.facebook.com\/Dressingdesmariees\/\" \/>\n<meta property=\"article:modified_time\" content=\"2020-09-21T12:03:47+00:00\" \/>\n<meta name=\"twitter:label1\" content=\"Estimated reading time\" \/>\n\t<meta name=\"twitter:data1\" content=\"6 minutes\" \/>\n<script type=\"application\/ld+json\" class=\"yoast-schema-graph\">{\"@context\":\"https:\\\/\\\/schema.org\",\"@graph\":[{\"@type\":\"WebPage\",\"@id\":\"https:\\\/\\\/ledressingdesmariees.com\\\/homepage-agency\\\/mentions-legales\\\/\",\"url\":\"https:\\\/\\\/ledressingdesmariees.com\\\/homepage-agency\\\/mentions-legales\\\/\",\"name\":\"Mentions l\u00e9gales - Le dressing des mariees\",\"isPartOf\":{\"@id\":\"https:\\\/\\\/ledressingdesmariees.com\\\/#website\"},\"datePublished\":\"2015-02-05T05:49:09+00:00\",\"dateModified\":\"2020-09-21T12:03:47+00:00\",\"breadcrumb\":{\"@id\":\"https:\\\/\\\/ledressingdesmariees.com\\\/homepage-agency\\\/mentions-legales\\\/#breadcrumb\"},\"inLanguage\":\"en-GB\",\"potentialAction\":[{\"@type\":\"ReadAction\",\"target\":[\"https:\\\/\\\/ledressingdesmariees.com\\\/homepage-agency\\\/mentions-legales\\\/\"]}]},{\"@type\":\"BreadcrumbList\",\"@id\":\"https:\\\/\\\/ledressingdesmariees.com\\\/homepage-agency\\\/mentions-legales\\\/#breadcrumb\",\"itemListElement\":[{\"@type\":\"ListItem\",\"position\":1,\"name\":\"Accueil\",\"item\":\"https:\\\/\\\/ledressingdesmariees.com\\\/\"},{\"@type\":\"ListItem\",\"position\":2,\"name\":\"robe-mariee-milla-nova\\\/aix-les-bains\\\/savoie\\\/73\\\/annecy\\\/haute-savoie\\\/74\\\/Divonne-les-bains\\\/01\",\"item\":\"https:\\\/\\\/ledressingdesmariees.com\\\/\"},{\"@type\":\"ListItem\",\"position\":3,\"name\":\"Mentions l\u00e9gales\"}]},{\"@type\":\"WebSite\",\"@id\":\"https:\\\/\\\/ledressingdesmariees.com\\\/#website\",\"url\":\"https:\\\/\\\/ledressingdesmariees.com\\\/\",\"name\":\"Le dressing des mariees\",\"description\":\"\",\"publisher\":{\"@id\":\"https:\\\/\\\/ledressingdesmariees.com\\\/#organization\"},\"potentialAction\":[{\"@type\":\"SearchAction\",\"target\":{\"@type\":\"EntryPoint\",\"urlTemplate\":\"https:\\\/\\\/ledressingdesmariees.com\\\/?s={search_term_string}\"},\"query-input\":{\"@type\":\"PropertyValueSpecification\",\"valueRequired\":true,\"valueName\":\"search_term_string\"}}],\"inLanguage\":\"en-GB\"},{\"@type\":\"Organization\",\"@id\":\"https:\\\/\\\/ledressingdesmariees.com\\\/#organization\",\"name\":\"LE DRESSING DES MARIEES\",\"url\":\"https:\\\/\\\/ledressingdesmariees.com\\\/\",\"logo\":{\"@type\":\"ImageObject\",\"inLanguage\":\"en-GB\",\"@id\":\"https:\\\/\\\/ledressingdesmariees.com\\\/#\\\/schema\\\/logo\\\/image\\\/\",\"url\":\"https:\\\/\\\/ledressingdesmariees.com\\\/wp-content\\\/uploads\\\/2018\\\/01\\\/logoGold.png\",\"contentUrl\":\"https:\\\/\\\/ledressingdesmariees.com\\\/wp-content\\\/uploads\\\/2018\\\/01\\\/logoGold.png\",\"width\":816,\"height\":237,\"caption\":\"LE DRESSING DES MARIEES\"},\"image\":{\"@id\":\"https:\\\/\\\/ledressingdesmariees.com\\\/#\\\/schema\\\/logo\\\/image\\\/\"},\"sameAs\":[\"https:\\\/\\\/www.facebook.com\\\/Dressingdesmariees\\\/\",\"https:\\\/\\\/www.instagram.com\\\/ledressingdesmariees\\\/\",\"https:\\\/\\\/www.pinterest.fr\\\/hayat2013\\\/_created\\\/\"]}]}<\/script>\n<!-- \/ Yoast SEO plugin. -->","yoast_head_json":{"title":"Mentions l\u00e9gales - Le dressing des mariees","robots":{"index":"index","follow":"follow","max-snippet":"max-snippet:-1","max-image-preview":"max-image-preview:large","max-video-preview":"max-video-preview:-1"},"canonical":"https:\/\/ledressingdesmariees.com\/en\/homepage-agency\/mentions-legales\/","og_locale":"en_GB","og_type":"article","og_title":"Mentions l\u00e9gales - Le dressing des mariees","og_url":"https:\/\/ledressingdesmariees.com\/en\/homepage-agency\/mentions-legales\/","og_site_name":"Le dressing des mariees","article_publisher":"https:\/\/www.facebook.com\/Dressingdesmariees\/","article_modified_time":"2020-09-21T12:03:47+00:00","twitter_misc":{"Estimated reading time":"6 minutes"},"schema":{"@context":"https:\/\/schema.org","@graph":[{"@type":"WebPage","@id":"https:\/\/ledressingdesmariees.com\/homepage-agency\/mentions-legales\/","url":"https:\/\/ledressingdesmariees.com\/homepage-agency\/mentions-legales\/","name":"Mentions l\u00e9gales - Le dressing des mariees","isPartOf":{"@id":"https:\/\/ledressingdesmariees.com\/#website"},"datePublished":"2015-02-05T05:49:09+00:00","dateModified":"2020-09-21T12:03:47+00:00","breadcrumb":{"@id":"https:\/\/ledressingdesmariees.com\/homepage-agency\/mentions-legales\/#breadcrumb"},"inLanguage":"en-GB","potentialAction":[{"@type":"ReadAction","target":["https:\/\/ledressingdesmariees.com\/homepage-agency\/mentions-legales\/"]}]},{"@type":"BreadcrumbList","@id":"https:\/\/ledressingdesmariees.com\/homepage-agency\/mentions-legales\/#breadcrumb","itemListElement":[{"@type":"ListItem","position":1,"name":"Accueil","item":"https:\/\/ledressingdesmariees.com\/"},{"@type":"ListItem","position":2,"name":"robe-mariee-milla-nova\/aix-les-bains\/savoie\/73\/annecy\/haute-savoie\/74\/Divonne-les-bains\/01","item":"https:\/\/ledressingdesmariees.com\/"},{"@type":"ListItem","position":3,"name":"Mentions l\u00e9gales"}]},{"@type":"WebSite","@id":"https:\/\/ledressingdesmariees.com\/#website","url":"https:\/\/ledressingdesmariees.com\/","name":"The bride&#039;s wardrobe","description":"","publisher":{"@id":"https:\/\/ledressingdesmariees.com\/#organization"},"potentialAction":[{"@type":"SearchAction","target":{"@type":"EntryPoint","urlTemplate":"https:\/\/ledressingdesmariees.com\/?s={search_term_string}"},"query-input":{"@type":"PropertyValueSpecification","valueRequired":true,"valueName":"search_term_string"}}],"inLanguage":"en-GB"},{"@type":"Organization","@id":"https:\/\/ledressingdesmariees.com\/#organization","name":"THE BRIDESMAIDS&#039; DRESSING","url":"https:\/\/ledressingdesmariees.com\/","logo":{"@type":"ImageObject","inLanguage":"en-GB","@id":"https:\/\/ledressingdesmariees.com\/#\/schema\/logo\/image\/","url":"https:\/\/ledressingdesmariees.com\/wp-content\/uploads\/2018\/01\/logoGold.png","contentUrl":"https:\/\/ledressingdesmariees.com\/wp-content\/uploads\/2018\/01\/logoGold.png","width":816,"height":237,"caption":"LE DRESSING DES MARIEES"},"image":{"@id":"https:\/\/ledressingdesmariees.com\/#\/schema\/logo\/image\/"},"sameAs":["https:\/\/www.facebook.com\/Dressingdesmariees\/","https:\/\/www.instagram.com\/ledressingdesmariees\/","https:\/\/www.pinterest.fr\/hayat2013\/_created\/"]}]}},"_links":{"self":[{"href":"https:\/\/ledressingdesmariees.com\/en\/wp-json\/wp\/v2\/pages\/53","targetHints":{"allow":["GET"]}}],"collection":[{"href":"https:\/\/ledressingdesmariees.com\/en\/wp-json\/wp\/v2\/pages"}],"about":[{"href":"https:\/\/ledressingdesmariees.com\/en\/wp-json\/wp\/v2\/types\/page"}],"author":[{"embeddable":true,"href":"https:\/\/ledressingdesmariees.com\/en\/wp-json\/wp\/v2\/users\/2"}],"replies":[{"embeddable":true,"href":"https:\/\/ledressingdesmariees.com\/en\/wp-json\/wp\/v2\/comments?post=53"}],"version-history":[{"count":0,"href":"https:\/\/ledressingdesmariees.com\/en\/wp-json\/wp\/v2\/pages\/53\/revisions"}],"up":[{"embeddable":true,"href":"https:\/\/ledressingdesmariees.com\/en\/wp-json\/wp\/v2\/pages\/989"}],"wp:attachment":[{"href":"https:\/\/ledressingdesmariees.com\/en\/wp-json\/wp\/v2\/media?parent=53"}],"curies":[{"name":"wp","href":"https:\/\/api.w.org\/{rel}","templated":true}]}}