{"id":2618,"date":"2018-01-19T10:25:12","date_gmt":"2018-01-19T09:25:12","guid":{"rendered":"https:\/\/ledressingdesmariees.com\/?page_id=2618"},"modified":"2025-03-25T08:55:45","modified_gmt":"2025-03-25T07:55:45","slug":"prendre-rdv-2","status":"publish","type":"page","link":"https:\/\/ledressingdesmariees.com\/en\/prendre-rdv-2\/","title":{"rendered":"Prendre RDV au showroom d&rsquo;annemasse\/haute-savoie\/74"},"content":{"rendered":"<div class=\"banner has-hover\" id=\"banner-972269353\">\n          <div class=\"banner-inner fill\">\n        <div class=\"banner-bg fill\" >\n            <div class=\"bg fill bg-fill\"><\/div>\n                        <div class=\"overlay\"><\/div>            \n                    <\/div><!-- bg-layers -->\n        <div class=\"banner-layers container\">\n            <div class=\"fill banner-link\"><\/div>            \n   <div id=\"text-box-496018764\" class=\"text-box banner-layer x50 md-x50 lg-x50 y50 md-y50 lg-y50 res-text\">\n                                <div class=\"text dark\">\n              \n              <div class=\"text-inner text-center\">\n                  \n<h1><b>Pensez \u00e0 prendre<\/b><\/h1>\n<h1>Un rendez vous<\/h1>\n              <\/div>\n           <\/div><!-- text-box-inner -->\n                            \n<style scope=\"scope\">\n\n#text-box-496018764 {\n  width: 60%;\n}\n#text-box-496018764 .text {\n  font-size: 100%;\n}\n<\/style>\n    <\/div><!-- text-box -->\n \n        <\/div><!-- .banner-layers -->\n      <\/div><!-- .banner-inner -->\n\n            \n<style scope=\"scope\">\n\n#banner-972269353 {\n  padding-top: 20%;\n}\n#banner-972269353 .bg.bg-loaded {\n  background-image: url(https:\/\/ledressingdesmariees.com\/wp-content\/uploads\/2018\/01\/Ludjein-1.jpg);\n}\n#banner-972269353 .overlay {\n  background-color: rgba(0,0,0,.5);\n}\n#banner-972269353 .bg {\n  background-position: 45% 0%;\n}\n<\/style>\n  <\/div><!-- .banner -->\n\n\n<div class=\"row\"  id=\"row-1903662512\">\n<div class=\"col small-12 large-12\"  ><div class=\"col-inner text-center\"  >\n<div class=\"is-divider divider clearfix\" ><\/div><!-- .divider -->\n<h1>Venir &amp; nous rencontrer<\/h1>\n<\/div><\/div>\n<\/div>\n<div class=\"row\"  id=\"row-1550357042\">\n<div class=\"col medium-6 small-12 large-6\"  ><div class=\"col-inner\"  >\n<p><iframe style=\"border: 0;\" src=\"https:\/\/www.google.com\/maps\/embed?pb=!1m18!1m12!1m3!1d4204.406994758415!2d6.355510173249222!3d46.177018250633864!2m3!1f0!2f0!3f0!3m2!1i1024!2i768!4f13.1!3m3!1m2!1s0x478c6e27fad7447d%3A0x68be1f4d840b935b!2s7+Rue+Aristide+Briand%2C+74100+Annemasse!5e0!3m2!1sfr!2sfr!4v1504261157938\" width=\"600\" height=\"450\" frameborder=\"0\" allowfullscreen=\"allowfullscreen\"><\/iframe><\/p>\n<\/div><\/div>\n<div class=\"col medium-6 small-12 large-6\"  ><div class=\"col-inner\"  >\n<h4><span style=\"color: #333333;\">V<span style=\"font-size: 110%;\">ous souhaitez nous rendre visite?<\/span><span style=\"font-size: 110%;\"> Contactez-nous avant <\/span><span style=\"font-size: 110%;\">de vous d\u00e9placer <\/span><span style=\"font-size: 110%;\">afin de vous assurer que notre conseill\u00e8re soit disponible.<\/span><\/span><\/h4>\n<h4><span style=\"color: #333333; font-size: 105%;\">L&rsquo;<\/span><span style=\"color: #333333; font-size: 105%;\">essayage d&rsquo;une robe de mari\u00e9e dure 1h30 max<\/span><\/h4>\n<h4><span style=\"color: #333333;\">&#8211; Mercredi\u00a0 \u00a0 \u00a0 \u00a0\u00a009h30 13h00 &#8211; 14h00 18h30<\/span><\/h4>\n<h4><span style=\"color: #333333;\">&#8211; Jeudi\u00a0 \u00a0 \u00a0 \u00a0 \u00a0 \u00a0 \u00a0 \u00a009h30 13h00 &#8211; 14h00 18h30<\/span><\/h4>\n<h4><span style=\"color: #333333;\"><b> Essayage sur rendez-vous uniquement<\/b><\/span><\/h4>\n<h4><span style=\"color: #333333;\">&#8211; Vendredi\u00a0 \u00a0 \u00a0 \u00a0 09h30 13h00 &#8211; 14h00 18h30<\/span><\/h4>\n<h4><span style=\"color: #333333;\"><strong> Essayage sur rendez-vous uniquement\u00a0<\/strong><\/span><\/h4>\n<h4><span style=\"color: #333333;\">&#8211; Samedi\u00a0 \u00a0 \u00a0 \u00a0 \u00a0 \u00a0 09h30 13h00 &#8211; 14h00 17h00<\/span><\/h4>\n<h4><span style=\"color: #333333;\"><strong>Essayage sur rendez-vous uniquement<\/strong><\/span><\/h4>\n<h4><span style=\"color: #333333;\">&#8211; Dimanche\u00a0 \u00a0 \u00a0 \u00a0Ferm\u00e9<\/span><\/h4>\n<h4><span style=\"color: #333333;\">&#8211; Lundi\u00a0 \u00a0 \u00a0 \u00a0 \u00a0 \u00a0 \u00a0 \u00a0 \u00a0Ferm\u00e9<\/span><\/h4>\n<h4><span style=\"color: #333333;\">&#8211; Mardi\u00a0 \u00a0 \u00a0 \u00a0 \u00a0 \u00a0 \u00a0 \u00a0 Ferm\u00e9<\/span><\/h4>\n<h5><span style=\"color: #333333; font-size: 115%;\"><strong>Nous ne proposons ni location, ni seconde main<\/strong><\/span><\/h5>\n<\/div><\/div>\n<\/div>\n<div class=\"row\"  id=\"row-883988358\">\n<div class=\"col small-12 large-12\"  ><div class=\"col-inner text-center\"  >\n<\/div><\/div>\n<\/div>","protected":false},"excerpt":{"rendered":"","protected":false},"author":2,"featured_media":0,"parent":0,"menu_order":0,"comment_status":"closed","ping_status":"closed","template":"page-blank.php","meta":{"footnotes":""},"class_list":["post-2618","page","type-page","status-publish","hentry"],"yoast_head":"<!-- This site is optimized with the Yoast SEO plugin v27.4 - https:\/\/yoast.com\/product\/yoast-seo-wordpress\/ -->\n<title>Essayage robe de mari\u00e9e - Le dressing des mari\u00e9es, \u00e0 Annemasse<\/title>\n<meta name=\"description\" content=\"Essayage robe de mari\u00e9e - Venez essayer votre robe de mari\u00e9e, robe de cocktail, ainsi que costume homme au dressing des mari\u00e9es \u00e0 Annemasse\" \/>\n<meta name=\"robots\" content=\"index, follow, max-snippet:-1, max-image-preview:large, max-video-preview:-1\" \/>\n<link rel=\"canonical\" href=\"https:\/\/ledressingdesmariees.com\/en\/prendre-rdv-2\/\" \/>\n<meta property=\"og:locale\" content=\"en_GB\" \/>\n<meta property=\"og:type\" content=\"article\" \/>\n<meta property=\"og:title\" content=\"Essayage robe de mari\u00e9e - Le dressing des mari\u00e9es, \u00e0 Annemasse\" \/>\n<meta property=\"og:description\" content=\"Essayage robe de mari\u00e9e - Venez essayer votre robe de mari\u00e9e, robe de cocktail, ainsi que costume homme au dressing des mari\u00e9es \u00e0 Annemasse\" \/>\n<meta property=\"og:url\" content=\"https:\/\/ledressingdesmariees.com\/en\/prendre-rdv-2\/\" \/>\n<meta property=\"og:site_name\" content=\"Le dressing des mariees\" \/>\n<meta property=\"article:publisher\" content=\"https:\/\/www.facebook.com\/Dressingdesmariees\/\" \/>\n<meta property=\"article:modified_time\" content=\"2025-03-25T07:55:45+00:00\" \/>\n<meta name=\"twitter:label1\" content=\"Estimated reading time\" \/>\n\t<meta name=\"twitter:data1\" content=\"1 minute\" \/>\n<script type=\"application\/ld+json\" class=\"yoast-schema-graph\">{\"@context\":\"https:\\\/\\\/schema.org\",\"@graph\":[{\"@type\":\"WebPage\",\"@id\":\"https:\\\/\\\/ledressingdesmariees.com\\\/prendre-rdv-2\\\/\",\"url\":\"https:\\\/\\\/ledressingdesmariees.com\\\/prendre-rdv-2\\\/\",\"name\":\"Essayage robe de mari\u00e9e - Le dressing des mari\u00e9es, \u00e0 Annemasse\",\"isPartOf\":{\"@id\":\"https:\\\/\\\/ledressingdesmariees.com\\\/#website\"},\"datePublished\":\"2018-01-19T09:25:12+00:00\",\"dateModified\":\"2025-03-25T07:55:45+00:00\",\"description\":\"Essayage robe de mari\u00e9e - Venez essayer votre robe de mari\u00e9e, robe de cocktail, ainsi que costume homme au dressing des mari\u00e9es \u00e0 Annemasse\",\"breadcrumb\":{\"@id\":\"https:\\\/\\\/ledressingdesmariees.com\\\/prendre-rdv-2\\\/#breadcrumb\"},\"inLanguage\":\"en-GB\",\"potentialAction\":[{\"@type\":\"ReadAction\",\"target\":[\"https:\\\/\\\/ledressingdesmariees.com\\\/prendre-rdv-2\\\/\"]}]},{\"@type\":\"BreadcrumbList\",\"@id\":\"https:\\\/\\\/ledressingdesmariees.com\\\/prendre-rdv-2\\\/#breadcrumb\",\"itemListElement\":[{\"@type\":\"ListItem\",\"position\":1,\"name\":\"Accueil\",\"item\":\"https:\\\/\\\/ledressingdesmariees.com\\\/\"},{\"@type\":\"ListItem\",\"position\":2,\"name\":\"Prendre RDV au showroom d&#8217;annemasse\\\/haute-savoie\\\/74\"}]},{\"@type\":\"WebSite\",\"@id\":\"https:\\\/\\\/ledressingdesmariees.com\\\/#website\",\"url\":\"https:\\\/\\\/ledressingdesmariees.com\\\/\",\"name\":\"Le dressing des mariees\",\"description\":\"\",\"publisher\":{\"@id\":\"https:\\\/\\\/ledressingdesmariees.com\\\/#organization\"},\"potentialAction\":[{\"@type\":\"SearchAction\",\"target\":{\"@type\":\"EntryPoint\",\"urlTemplate\":\"https:\\\/\\\/ledressingdesmariees.com\\\/?s={search_term_string}\"},\"query-input\":{\"@type\":\"PropertyValueSpecification\",\"valueRequired\":true,\"valueName\":\"search_term_string\"}}],\"inLanguage\":\"en-GB\"},{\"@type\":\"Organization\",\"@id\":\"https:\\\/\\\/ledressingdesmariees.com\\\/#organization\",\"name\":\"LE DRESSING DES MARIEES\",\"url\":\"https:\\\/\\\/ledressingdesmariees.com\\\/\",\"logo\":{\"@type\":\"ImageObject\",\"inLanguage\":\"en-GB\",\"@id\":\"https:\\\/\\\/ledressingdesmariees.com\\\/#\\\/schema\\\/logo\\\/image\\\/\",\"url\":\"https:\\\/\\\/ledressingdesmariees.com\\\/wp-content\\\/uploads\\\/2018\\\/01\\\/logoGold.png\",\"contentUrl\":\"https:\\\/\\\/ledressingdesmariees.com\\\/wp-content\\\/uploads\\\/2018\\\/01\\\/logoGold.png\",\"width\":816,\"height\":237,\"caption\":\"LE DRESSING DES MARIEES\"},\"image\":{\"@id\":\"https:\\\/\\\/ledressingdesmariees.com\\\/#\\\/schema\\\/logo\\\/image\\\/\"},\"sameAs\":[\"https:\\\/\\\/www.facebook.com\\\/Dressingdesmariees\\\/\",\"https:\\\/\\\/www.instagram.com\\\/ledressingdesmariees\\\/\",\"https:\\\/\\\/www.pinterest.fr\\\/hayat2013\\\/_created\\\/\"]}]}<\/script>\n<!-- \/ Yoast SEO plugin. -->","yoast_head_json":{"title":"Essayage robe de mari\u00e9e - Le dressing des mari\u00e9es, \u00e0 Annemasse","description":"Essayage robe de mari\u00e9e - Venez essayer votre robe de mari\u00e9e, robe de cocktail, ainsi que costume homme au dressing des mari\u00e9es \u00e0 Annemasse","robots":{"index":"index","follow":"follow","max-snippet":"max-snippet:-1","max-image-preview":"max-image-preview:large","max-video-preview":"max-video-preview:-1"},"canonical":"https:\/\/ledressingdesmariees.com\/en\/prendre-rdv-2\/","og_locale":"en_GB","og_type":"article","og_title":"Essayage robe de mari\u00e9e - Le dressing des mari\u00e9es, \u00e0 Annemasse","og_description":"Essayage robe de mari\u00e9e - Venez essayer votre robe de mari\u00e9e, robe de cocktail, ainsi que costume homme au dressing des mari\u00e9es \u00e0 Annemasse","og_url":"https:\/\/ledressingdesmariees.com\/en\/prendre-rdv-2\/","og_site_name":"Le dressing des mariees","article_publisher":"https:\/\/www.facebook.com\/Dressingdesmariees\/","article_modified_time":"2025-03-25T07:55:45+00:00","twitter_misc":{"Estimated reading time":"1 minute"},"schema":{"@context":"https:\/\/schema.org","@graph":[{"@type":"WebPage","@id":"https:\/\/ledressingdesmariees.com\/prendre-rdv-2\/","url":"https:\/\/ledressingdesmariees.com\/prendre-rdv-2\/","name":"Essayage robe de mari\u00e9e - Le dressing des mari\u00e9es, \u00e0 Annemasse","isPartOf":{"@id":"https:\/\/ledressingdesmariees.com\/#website"},"datePublished":"2018-01-19T09:25:12+00:00","dateModified":"2025-03-25T07:55:45+00:00","description":"Essayage robe de mari\u00e9e - Venez essayer votre robe de mari\u00e9e, robe de cocktail, ainsi que costume homme au dressing des mari\u00e9es \u00e0 Annemasse","breadcrumb":{"@id":"https:\/\/ledressingdesmariees.com\/prendre-rdv-2\/#breadcrumb"},"inLanguage":"en-GB","potentialAction":[{"@type":"ReadAction","target":["https:\/\/ledressingdesmariees.com\/prendre-rdv-2\/"]}]},{"@type":"BreadcrumbList","@id":"https:\/\/ledressingdesmariees.com\/prendre-rdv-2\/#breadcrumb","itemListElement":[{"@type":"ListItem","position":1,"name":"Accueil","item":"https:\/\/ledressingdesmariees.com\/"},{"@type":"ListItem","position":2,"name":"Prendre RDV au showroom d&#8217;annemasse\/haute-savoie\/74"}]},{"@type":"WebSite","@id":"https:\/\/ledressingdesmariees.com\/#website","url":"https:\/\/ledressingdesmariees.com\/","name":"The bride&#039;s wardrobe","description":"","publisher":{"@id":"https:\/\/ledressingdesmariees.com\/#organization"},"potentialAction":[{"@type":"SearchAction","target":{"@type":"EntryPoint","urlTemplate":"https:\/\/ledressingdesmariees.com\/?s={search_term_string}"},"query-input":{"@type":"PropertyValueSpecification","valueRequired":true,"valueName":"search_term_string"}}],"inLanguage":"en-GB"},{"@type":"Organization","@id":"https:\/\/ledressingdesmariees.com\/#organization","name":"THE BRIDESMAIDS&#039; DRESSING","url":"https:\/\/ledressingdesmariees.com\/","logo":{"@type":"ImageObject","inLanguage":"en-GB","@id":"https:\/\/ledressingdesmariees.com\/#\/schema\/logo\/image\/","url":"https:\/\/ledressingdesmariees.com\/wp-content\/uploads\/2018\/01\/logoGold.png","contentUrl":"https:\/\/ledressingdesmariees.com\/wp-content\/uploads\/2018\/01\/logoGold.png","width":816,"height":237,"caption":"LE DRESSING DES MARIEES"},"image":{"@id":"https:\/\/ledressingdesmariees.com\/#\/schema\/logo\/image\/"},"sameAs":["https:\/\/www.facebook.com\/Dressingdesmariees\/","https:\/\/www.instagram.com\/ledressingdesmariees\/","https:\/\/www.pinterest.fr\/hayat2013\/_created\/"]}]}},"_links":{"self":[{"href":"https:\/\/ledressingdesmariees.com\/en\/wp-json\/wp\/v2\/pages\/2618","targetHints":{"allow":["GET"]}}],"collection":[{"href":"https:\/\/ledressingdesmariees.com\/en\/wp-json\/wp\/v2\/pages"}],"about":[{"href":"https:\/\/ledressingdesmariees.com\/en\/wp-json\/wp\/v2\/types\/page"}],"author":[{"embeddable":true,"href":"https:\/\/ledressingdesmariees.com\/en\/wp-json\/wp\/v2\/users\/2"}],"replies":[{"embeddable":true,"href":"https:\/\/ledressingdesmariees.com\/en\/wp-json\/wp\/v2\/comments?post=2618"}],"version-history":[{"count":0,"href":"https:\/\/ledressingdesmariees.com\/en\/wp-json\/wp\/v2\/pages\/2618\/revisions"}],"wp:attachment":[{"href":"https:\/\/ledressingdesmariees.com\/en\/wp-json\/wp\/v2\/media?parent=2618"}],"curies":[{"name":"wp","href":"https:\/\/api.w.org\/{rel}","templated":true}]}}