{"id":1005,"date":"2015-06-15T13:14:48","date_gmt":"2015-06-15T13:14:48","guid":{"rendered":"http:\/\/bwdesk.com\/panama\/demo-content\/?page_id=90"},"modified":"2023-06-06T15:31:19","modified_gmt":"2023-06-06T13:31:19","slug":"laboutique-2","status":"publish","type":"page","link":"https:\/\/ledressingdesmariees.com\/en\/laboutique-2\/","title":{"rendered":"The shop"},"content":{"rendered":"<div class=\"banner has-hover\" id=\"banner-1161092313\">\n          <div class=\"banner-inner fill\">\n        <div class=\"banner-bg fill\" >\n            <div class=\"bg fill bg-fill\"><\/div>\n                        <div class=\"overlay\"><\/div>            \n                    <\/div><!-- bg-layers -->\n        <div class=\"banner-layers container\">\n            <div class=\"fill banner-link\"><\/div>            \n   <div id=\"text-box-1644630666\" class=\"text-box banner-layer x50 md-x50 lg-x50 y50 md-y50 lg-y50 res-text\">\n                                <div class=\"text dark\">\n              \n              <div class=\"text-inner text-center\">\n                  \n<h1>The shop welcomes you<\/h1>\n<h1>by appointment<\/h1>\n              <\/div>\n           <\/div><!-- text-box-inner -->\n                            \n<style scope=\"scope\">\n\n#text-box-1644630666 {\n  width: 60%;\n}\n#text-box-1644630666 .text {\n  font-size: 100%;\n}\n<\/style>\n    <\/div><!-- text-box -->\n \n        <\/div><!-- .banner-layers -->\n      <\/div><!-- .banner-inner -->\n\n            \n<style scope=\"scope\">\n\n#banner-1161092313 {\n  padding-top: 56.25%;\n}\n#banner-1161092313 .bg.bg-loaded {\n  background-image: url(https:\/\/ledressingdesmariees.com\/wp-content\/uploads\/2018\/02\/Blessing-4.jpg);\n}\n#banner-1161092313 .overlay {\n  background-color: rgba(0,0,0,.5);\n}\n#banner-1161092313 .bg {\n  background-position: 55% 0%;\n}\n<\/style>\n  <\/div><!-- .banner -->\n\n\n<div class=\"row\"  id=\"row-443496435\">\n<div class=\"col small-12 large-12\"  ><div class=\"col-inner\"  >\n\n  \n    <div class=\"row large-columns-3 medium-columns- small-columns-2\">\n          <div class=\"gallery-col col\" >\n          <div class=\"col-inner\">\n            <a class=\"image-lightbox lightbox-gallery\" href=\"https:\/\/ledressingdesmariees.com\/wp-content\/uploads\/2015\/06\/DSC_0129-1024x681.jpg\" title=\"\">            <div class=\"box has-hover gallery-box box-overlay dark\">\n              <div class=\"box-image\" >\n                <img fetchpriority=\"high\" decoding=\"async\" width=\"1020\" height=\"678\" src=\"https:\/\/ledressingdesmariees.com\/wp-content\/uploads\/2015\/06\/DSC_0129-1024x681.jpg\" class=\"attachment-large size-large\" alt=\"\" ids=\"2196,2213,2211,2185,2201\" columns=\"3\" image_size=\"large\" srcset=\"https:\/\/ledressingdesmariees.com\/wp-content\/uploads\/2015\/06\/DSC_0129-1024x681.jpg 1024w, https:\/\/ledressingdesmariees.com\/wp-content\/uploads\/2015\/06\/DSC_0129-640x426.jpg 640w, https:\/\/ledressingdesmariees.com\/wp-content\/uploads\/2015\/06\/DSC_0129-300x200.jpg 300w, https:\/\/ledressingdesmariees.com\/wp-content\/uploads\/2015\/06\/DSC_0129-1861x1238.jpg 1861w, https:\/\/ledressingdesmariees.com\/wp-content\/uploads\/2015\/06\/DSC_0129-858x571.jpg 858w, https:\/\/ledressingdesmariees.com\/wp-content\/uploads\/2015\/06\/DSC_0129-1020x679.jpg 1020w, https:\/\/ledressingdesmariees.com\/wp-content\/uploads\/2015\/06\/DSC_0129-1100x732.jpg 1100w, https:\/\/ledressingdesmariees.com\/wp-content\/uploads\/2015\/06\/DSC_0129-600x399.jpg 600w, https:\/\/ledressingdesmariees.com\/wp-content\/uploads\/2015\/06\/DSC_0129-485x323.jpg 485w\" sizes=\"(max-width: 1020px) 100vw, 1020px\" \/>                                  <div class=\"overlay fill\"\n                      style=\"background-color: rgba(0,0,0,.15)\">\n                  <\/div>\n                                                              <\/div><!-- .image -->\n              <div class=\"box-text text-left\" >\n                 <p><\/p>\n              <\/div><!-- .text -->\n            <\/div><!-- .box -->\n            <\/a>          <\/div><!-- .col-inner -->\n         <\/div><!-- .col -->\n                 <div class=\"gallery-col col\" >\n          <div class=\"col-inner\">\n            <a class=\"image-lightbox lightbox-gallery\" href=\"https:\/\/ledressingdesmariees.com\/wp-content\/uploads\/2015\/06\/DSC_0024-1024x681.jpg\" title=\"\">            <div class=\"box has-hover gallery-box box-overlay dark\">\n              <div class=\"box-image\" >\n                <img decoding=\"async\" width=\"1020\" height=\"678\" src=\"https:\/\/ledressingdesmariees.com\/wp-content\/uploads\/2015\/06\/DSC_0024-1024x681.jpg\" class=\"attachment-large size-large\" alt=\"\" ids=\"2196,2213,2211,2185,2201\" columns=\"3\" image_size=\"large\" srcset=\"https:\/\/ledressingdesmariees.com\/wp-content\/uploads\/2015\/06\/DSC_0024-1024x681.jpg 1024w, https:\/\/ledressingdesmariees.com\/wp-content\/uploads\/2015\/06\/DSC_0024-640x426.jpg 640w, https:\/\/ledressingdesmariees.com\/wp-content\/uploads\/2015\/06\/DSC_0024-300x200.jpg 300w, https:\/\/ledressingdesmariees.com\/wp-content\/uploads\/2015\/06\/DSC_0024-1860x1238.jpg 1860w, https:\/\/ledressingdesmariees.com\/wp-content\/uploads\/2015\/06\/DSC_0024-858x571.jpg 858w, https:\/\/ledressingdesmariees.com\/wp-content\/uploads\/2015\/06\/DSC_0024-1020x679.jpg 1020w, https:\/\/ledressingdesmariees.com\/wp-content\/uploads\/2015\/06\/DSC_0024-1100x732.jpg 1100w, https:\/\/ledressingdesmariees.com\/wp-content\/uploads\/2015\/06\/DSC_0024-600x399.jpg 600w, https:\/\/ledressingdesmariees.com\/wp-content\/uploads\/2015\/06\/DSC_0024-485x323.jpg 485w\" sizes=\"(max-width: 1020px) 100vw, 1020px\" \/>                                  <div class=\"overlay fill\"\n                      style=\"background-color: rgba(0,0,0,.15)\">\n                  <\/div>\n                                                              <\/div><!-- .image -->\n              <div class=\"box-text text-left\" >\n                 <p><\/p>\n              <\/div><!-- .text -->\n            <\/div><!-- .box -->\n            <\/a>          <\/div><!-- .col-inner -->\n         <\/div><!-- .col -->\n                 <div class=\"gallery-col col\" >\n          <div class=\"col-inner\">\n            <a class=\"image-lightbox lightbox-gallery\" href=\"https:\/\/ledressingdesmariees.com\/wp-content\/uploads\/2015\/06\/DSC_0011-1024x681.jpg\" title=\"\">            <div class=\"box has-hover gallery-box box-overlay dark\">\n              <div class=\"box-image\" >\n                <img decoding=\"async\" width=\"1020\" height=\"678\" src=\"https:\/\/ledressingdesmariees.com\/wp-content\/uploads\/2015\/06\/DSC_0011-1024x681.jpg\" class=\"attachment-large size-large\" alt=\"\" ids=\"2196,2213,2211,2185,2201\" columns=\"3\" image_size=\"large\" srcset=\"https:\/\/ledressingdesmariees.com\/wp-content\/uploads\/2015\/06\/DSC_0011-1024x681.jpg 1024w, https:\/\/ledressingdesmariees.com\/wp-content\/uploads\/2015\/06\/DSC_0011-640x426.jpg 640w, https:\/\/ledressingdesmariees.com\/wp-content\/uploads\/2015\/06\/DSC_0011-300x200.jpg 300w, https:\/\/ledressingdesmariees.com\/wp-content\/uploads\/2015\/06\/DSC_0011-1860x1238.jpg 1860w, https:\/\/ledressingdesmariees.com\/wp-content\/uploads\/2015\/06\/DSC_0011-858x571.jpg 858w, https:\/\/ledressingdesmariees.com\/wp-content\/uploads\/2015\/06\/DSC_0011-1020x679.jpg 1020w, https:\/\/ledressingdesmariees.com\/wp-content\/uploads\/2015\/06\/DSC_0011-1100x732.jpg 1100w, https:\/\/ledressingdesmariees.com\/wp-content\/uploads\/2015\/06\/DSC_0011-600x399.jpg 600w, https:\/\/ledressingdesmariees.com\/wp-content\/uploads\/2015\/06\/DSC_0011-485x323.jpg 485w\" sizes=\"(max-width: 1020px) 100vw, 1020px\" \/>                                  <div class=\"overlay fill\"\n                      style=\"background-color: rgba(0,0,0,.15)\">\n                  <\/div>\n                                                              <\/div><!-- .image -->\n              <div class=\"box-text text-left\" >\n                 <p><\/p>\n              <\/div><!-- .text -->\n            <\/div><!-- .box -->\n            <\/a>          <\/div><!-- .col-inner -->\n         <\/div><!-- .col -->\n                 <div class=\"gallery-col col\" >\n          <div class=\"col-inner\">\n            <a class=\"image-lightbox lightbox-gallery\" href=\"https:\/\/ledressingdesmariees.com\/wp-content\/uploads\/2016\/07\/DSC_0008-1024x681.jpg\" title=\"\">            <div class=\"box has-hover gallery-box box-overlay dark\">\n              <div class=\"box-image\" >\n                <img loading=\"lazy\" decoding=\"async\" width=\"1020\" height=\"678\" src=\"https:\/\/ledressingdesmariees.com\/wp-content\/uploads\/2016\/07\/DSC_0008-1024x681.jpg\" class=\"attachment-large size-large\" alt=\"\" ids=\"2196,2213,2211,2185,2201\" columns=\"3\" image_size=\"large\" srcset=\"https:\/\/ledressingdesmariees.com\/wp-content\/uploads\/2016\/07\/DSC_0008-1024x681.jpg 1024w, https:\/\/ledressingdesmariees.com\/wp-content\/uploads\/2016\/07\/DSC_0008-640x426.jpg 640w, https:\/\/ledressingdesmariees.com\/wp-content\/uploads\/2016\/07\/DSC_0008-300x200.jpg 300w, https:\/\/ledressingdesmariees.com\/wp-content\/uploads\/2016\/07\/DSC_0008-1860x1238.jpg 1860w, https:\/\/ledressingdesmariees.com\/wp-content\/uploads\/2016\/07\/DSC_0008-858x571.jpg 858w, https:\/\/ledressingdesmariees.com\/wp-content\/uploads\/2016\/07\/DSC_0008-1020x679.jpg 1020w, https:\/\/ledressingdesmariees.com\/wp-content\/uploads\/2016\/07\/DSC_0008-1100x732.jpg 1100w, https:\/\/ledressingdesmariees.com\/wp-content\/uploads\/2016\/07\/DSC_0008-600x399.jpg 600w, https:\/\/ledressingdesmariees.com\/wp-content\/uploads\/2016\/07\/DSC_0008-485x323.jpg 485w\" sizes=\"(max-width: 1020px) 100vw, 1020px\" \/>                                  <div class=\"overlay fill\"\n                      style=\"background-color: rgba(0,0,0,.15)\">\n                  <\/div>\n                                                              <\/div><!-- .image -->\n              <div class=\"box-text text-left\" >\n                 <p><\/p>\n              <\/div><!-- .text -->\n            <\/div><!-- .box -->\n            <\/a>          <\/div><!-- .col-inner -->\n         <\/div><!-- .col -->\n                 <div class=\"gallery-col col\" >\n          <div class=\"col-inner\">\n            <a class=\"image-lightbox lightbox-gallery\" href=\"https:\/\/ledressingdesmariees.com\/wp-content\/uploads\/2015\/06\/DSC_0027-1024x681.jpg\" title=\"\">            <div class=\"box has-hover gallery-box box-overlay dark\">\n              <div class=\"box-image\" >\n                <img loading=\"lazy\" decoding=\"async\" width=\"1020\" height=\"678\" src=\"https:\/\/ledressingdesmariees.com\/wp-content\/uploads\/2015\/06\/DSC_0027-1024x681.jpg\" class=\"attachment-large size-large\" alt=\"\" ids=\"2196,2213,2211,2185,2201\" columns=\"3\" image_size=\"large\" srcset=\"https:\/\/ledressingdesmariees.com\/wp-content\/uploads\/2015\/06\/DSC_0027-1024x681.jpg 1024w, https:\/\/ledressingdesmariees.com\/wp-content\/uploads\/2015\/06\/DSC_0027-640x426.jpg 640w, https:\/\/ledressingdesmariees.com\/wp-content\/uploads\/2015\/06\/DSC_0027-300x200.jpg 300w, https:\/\/ledressingdesmariees.com\/wp-content\/uploads\/2015\/06\/DSC_0027-1860x1238.jpg 1860w, https:\/\/ledressingdesmariees.com\/wp-content\/uploads\/2015\/06\/DSC_0027-858x571.jpg 858w, https:\/\/ledressingdesmariees.com\/wp-content\/uploads\/2015\/06\/DSC_0027-1020x679.jpg 1020w, https:\/\/ledressingdesmariees.com\/wp-content\/uploads\/2015\/06\/DSC_0027-1100x732.jpg 1100w, https:\/\/ledressingdesmariees.com\/wp-content\/uploads\/2015\/06\/DSC_0027-600x399.jpg 600w, https:\/\/ledressingdesmariees.com\/wp-content\/uploads\/2015\/06\/DSC_0027-485x323.jpg 485w\" sizes=\"(max-width: 1020px) 100vw, 1020px\" \/>                                  <div class=\"overlay fill\"\n                      style=\"background-color: rgba(0,0,0,.15)\">\n                  <\/div>\n                                                              <\/div><!-- .image -->\n              <div class=\"box-text text-left\" >\n                 <p><\/p>\n              <\/div><!-- .text -->\n            <\/div><!-- .box -->\n            <\/a>          <\/div><!-- .col-inner -->\n         <\/div><!-- .col -->\n         <\/div>\n<\/div><\/div>\n<\/div>","protected":false},"excerpt":{"rendered":"","protected":false},"author":2,"featured_media":0,"parent":0,"menu_order":0,"comment_status":"open","ping_status":"open","template":"page-blank.php","meta":{"footnotes":""},"class_list":["post-1005","page","type-page","status-publish","hentry"],"yoast_head":"<!-- This site is optimized with the Yoast SEO plugin v27.4 - https:\/\/yoast.com\/product\/yoast-seo-wordpress\/ -->\n<title>Notre boutique - Le dressing des mari\u00e9es, \u00e0 Annemasse<\/title>\n<meta name=\"description\" content=\"Notre boutique - Nous vous accueillons sur rendez-vous pour d\u00e9couvrir nos collections, faire un essayage au dressing des mari\u00e9es \u00e0 Annemasse\" \/>\n<meta name=\"robots\" content=\"index, follow, max-snippet:-1, max-image-preview:large, max-video-preview:-1\" \/>\n<link rel=\"canonical\" href=\"https:\/\/ledressingdesmariees.com\/en\/laboutique-2\/\" \/>\n<meta property=\"og:locale\" content=\"en_GB\" \/>\n<meta property=\"og:type\" content=\"article\" \/>\n<meta property=\"og:title\" content=\"Notre boutique - Le dressing des mari\u00e9es, \u00e0 Annemasse\" \/>\n<meta property=\"og:description\" content=\"Notre boutique - Nous vous accueillons sur rendez-vous pour d\u00e9couvrir nos collections, faire un essayage au dressing des mari\u00e9es \u00e0 Annemasse\" \/>\n<meta property=\"og:url\" content=\"https:\/\/ledressingdesmariees.com\/en\/laboutique-2\/\" \/>\n<meta property=\"og:site_name\" content=\"Le dressing des mariees\" \/>\n<meta property=\"article:publisher\" content=\"https:\/\/www.facebook.com\/Dressingdesmariees\/\" \/>\n<meta property=\"article:modified_time\" content=\"2023-06-06T13:31:19+00:00\" \/>\n<script type=\"application\/ld+json\" class=\"yoast-schema-graph\">{\"@context\":\"https:\\\/\\\/schema.org\",\"@graph\":[{\"@type\":\"WebPage\",\"@id\":\"https:\\\/\\\/ledressingdesmariees.com\\\/laboutique-2\\\/\",\"url\":\"https:\\\/\\\/ledressingdesmariees.com\\\/laboutique-2\\\/\",\"name\":\"Notre boutique - Le dressing des mari\u00e9es, \u00e0 Annemasse\",\"isPartOf\":{\"@id\":\"https:\\\/\\\/ledressingdesmariees.com\\\/#website\"},\"datePublished\":\"2015-06-15T13:14:48+00:00\",\"dateModified\":\"2023-06-06T13:31:19+00:00\",\"description\":\"Notre boutique - Nous vous accueillons sur rendez-vous pour d\u00e9couvrir nos collections, faire un essayage au dressing des mari\u00e9es \u00e0 Annemasse\",\"breadcrumb\":{\"@id\":\"https:\\\/\\\/ledressingdesmariees.com\\\/laboutique-2\\\/#breadcrumb\"},\"inLanguage\":\"en-GB\",\"potentialAction\":[{\"@type\":\"ReadAction\",\"target\":[\"https:\\\/\\\/ledressingdesmariees.com\\\/laboutique-2\\\/\"]}]},{\"@type\":\"BreadcrumbList\",\"@id\":\"https:\\\/\\\/ledressingdesmariees.com\\\/laboutique-2\\\/#breadcrumb\",\"itemListElement\":[{\"@type\":\"ListItem\",\"position\":1,\"name\":\"Accueil\",\"item\":\"https:\\\/\\\/ledressingdesmariees.com\\\/\"},{\"@type\":\"ListItem\",\"position\":2,\"name\":\"La boutique\"}]},{\"@type\":\"WebSite\",\"@id\":\"https:\\\/\\\/ledressingdesmariees.com\\\/#website\",\"url\":\"https:\\\/\\\/ledressingdesmariees.com\\\/\",\"name\":\"Le dressing des mariees\",\"description\":\"\",\"publisher\":{\"@id\":\"https:\\\/\\\/ledressingdesmariees.com\\\/#organization\"},\"potentialAction\":[{\"@type\":\"SearchAction\",\"target\":{\"@type\":\"EntryPoint\",\"urlTemplate\":\"https:\\\/\\\/ledressingdesmariees.com\\\/?s={search_term_string}\"},\"query-input\":{\"@type\":\"PropertyValueSpecification\",\"valueRequired\":true,\"valueName\":\"search_term_string\"}}],\"inLanguage\":\"en-GB\"},{\"@type\":\"Organization\",\"@id\":\"https:\\\/\\\/ledressingdesmariees.com\\\/#organization\",\"name\":\"LE DRESSING DES MARIEES\",\"url\":\"https:\\\/\\\/ledressingdesmariees.com\\\/\",\"logo\":{\"@type\":\"ImageObject\",\"inLanguage\":\"en-GB\",\"@id\":\"https:\\\/\\\/ledressingdesmariees.com\\\/#\\\/schema\\\/logo\\\/image\\\/\",\"url\":\"https:\\\/\\\/ledressingdesmariees.com\\\/wp-content\\\/uploads\\\/2018\\\/01\\\/logoGold.png\",\"contentUrl\":\"https:\\\/\\\/ledressingdesmariees.com\\\/wp-content\\\/uploads\\\/2018\\\/01\\\/logoGold.png\",\"width\":816,\"height\":237,\"caption\":\"LE DRESSING DES MARIEES\"},\"image\":{\"@id\":\"https:\\\/\\\/ledressingdesmariees.com\\\/#\\\/schema\\\/logo\\\/image\\\/\"},\"sameAs\":[\"https:\\\/\\\/www.facebook.com\\\/Dressingdesmariees\\\/\",\"https:\\\/\\\/www.instagram.com\\\/ledressingdesmariees\\\/\",\"https:\\\/\\\/www.pinterest.fr\\\/hayat2013\\\/_created\\\/\"]}]}<\/script>\n<!-- \/ Yoast SEO plugin. -->","yoast_head_json":{"title":"Notre boutique - Le dressing des mari\u00e9es, \u00e0 Annemasse","description":"Notre boutique - Nous vous accueillons sur rendez-vous pour d\u00e9couvrir nos collections, faire un essayage au dressing des mari\u00e9es \u00e0 Annemasse","robots":{"index":"index","follow":"follow","max-snippet":"max-snippet:-1","max-image-preview":"max-image-preview:large","max-video-preview":"max-video-preview:-1"},"canonical":"https:\/\/ledressingdesmariees.com\/en\/laboutique-2\/","og_locale":"en_GB","og_type":"article","og_title":"Notre boutique - Le dressing des mari\u00e9es, \u00e0 Annemasse","og_description":"Notre boutique - Nous vous accueillons sur rendez-vous pour d\u00e9couvrir nos collections, faire un essayage au dressing des mari\u00e9es \u00e0 Annemasse","og_url":"https:\/\/ledressingdesmariees.com\/en\/laboutique-2\/","og_site_name":"Le dressing des mariees","article_publisher":"https:\/\/www.facebook.com\/Dressingdesmariees\/","article_modified_time":"2023-06-06T13:31:19+00:00","schema":{"@context":"https:\/\/schema.org","@graph":[{"@type":"WebPage","@id":"https:\/\/ledressingdesmariees.com\/laboutique-2\/","url":"https:\/\/ledressingdesmariees.com\/laboutique-2\/","name":"Notre boutique - Le dressing des mari\u00e9es, \u00e0 Annemasse","isPartOf":{"@id":"https:\/\/ledressingdesmariees.com\/#website"},"datePublished":"2015-06-15T13:14:48+00:00","dateModified":"2023-06-06T13:31:19+00:00","description":"Notre boutique - Nous vous accueillons sur rendez-vous pour d\u00e9couvrir nos collections, faire un essayage au dressing des mari\u00e9es \u00e0 Annemasse","breadcrumb":{"@id":"https:\/\/ledressingdesmariees.com\/laboutique-2\/#breadcrumb"},"inLanguage":"en-GB","potentialAction":[{"@type":"ReadAction","target":["https:\/\/ledressingdesmariees.com\/laboutique-2\/"]}]},{"@type":"BreadcrumbList","@id":"https:\/\/ledressingdesmariees.com\/laboutique-2\/#breadcrumb","itemListElement":[{"@type":"ListItem","position":1,"name":"Accueil","item":"https:\/\/ledressingdesmariees.com\/"},{"@type":"ListItem","position":2,"name":"La boutique"}]},{"@type":"WebSite","@id":"https:\/\/ledressingdesmariees.com\/#website","url":"https:\/\/ledressingdesmariees.com\/","name":"The bride&#039;s wardrobe","description":"","publisher":{"@id":"https:\/\/ledressingdesmariees.com\/#organization"},"potentialAction":[{"@type":"SearchAction","target":{"@type":"EntryPoint","urlTemplate":"https:\/\/ledressingdesmariees.com\/?s={search_term_string}"},"query-input":{"@type":"PropertyValueSpecification","valueRequired":true,"valueName":"search_term_string"}}],"inLanguage":"en-GB"},{"@type":"Organization","@id":"https:\/\/ledressingdesmariees.com\/#organization","name":"THE BRIDESMAIDS&#039; DRESSING","url":"https:\/\/ledressingdesmariees.com\/","logo":{"@type":"ImageObject","inLanguage":"en-GB","@id":"https:\/\/ledressingdesmariees.com\/#\/schema\/logo\/image\/","url":"https:\/\/ledressingdesmariees.com\/wp-content\/uploads\/2018\/01\/logoGold.png","contentUrl":"https:\/\/ledressingdesmariees.com\/wp-content\/uploads\/2018\/01\/logoGold.png","width":816,"height":237,"caption":"LE DRESSING DES MARIEES"},"image":{"@id":"https:\/\/ledressingdesmariees.com\/#\/schema\/logo\/image\/"},"sameAs":["https:\/\/www.facebook.com\/Dressingdesmariees\/","https:\/\/www.instagram.com\/ledressingdesmariees\/","https:\/\/www.pinterest.fr\/hayat2013\/_created\/"]}]}},"_links":{"self":[{"href":"https:\/\/ledressingdesmariees.com\/en\/wp-json\/wp\/v2\/pages\/1005","targetHints":{"allow":["GET"]}}],"collection":[{"href":"https:\/\/ledressingdesmariees.com\/en\/wp-json\/wp\/v2\/pages"}],"about":[{"href":"https:\/\/ledressingdesmariees.com\/en\/wp-json\/wp\/v2\/types\/page"}],"author":[{"embeddable":true,"href":"https:\/\/ledressingdesmariees.com\/en\/wp-json\/wp\/v2\/users\/2"}],"replies":[{"embeddable":true,"href":"https:\/\/ledressingdesmariees.com\/en\/wp-json\/wp\/v2\/comments?post=1005"}],"version-history":[{"count":0,"href":"https:\/\/ledressingdesmariees.com\/en\/wp-json\/wp\/v2\/pages\/1005\/revisions"}],"wp:attachment":[{"href":"https:\/\/ledressingdesmariees.com\/en\/wp-json\/wp\/v2\/media?parent=1005"}],"curies":[{"name":"wp","href":"https:\/\/api.w.org\/{rel}","templated":true}]}}