{"id":1004,"date":"2015-06-15T13:11:59","date_gmt":"2015-06-15T13:11:59","guid":{"rendered":"http:\/\/bwdesk.com\/panama\/demo-content\/?page_id=87"},"modified":"2019-02-03T11:07:35","modified_gmt":"2019-02-03T10:07:35","slug":"contact-2","status":"publish","type":"page","link":"https:\/\/ledressingdesmariees.com\/en\/contact-2\/","title":{"rendered":"Contact"},"content":{"rendered":"<div class=\"banner has-hover\" id=\"banner-383657109\">\n          <div class=\"banner-inner fill\">\n        <div class=\"banner-bg fill\" >\n            <div class=\"bg fill bg-fill\"><\/div>\n                        <div class=\"overlay\"><\/div>            \n                    <\/div><!-- bg-layers -->\n        <div class=\"banner-layers container\">\n            <div class=\"fill banner-link\"><\/div>            \n   <div id=\"text-box-453236299\" class=\"text-box banner-layer x50 md-x50 lg-x50 y50 md-y50 lg-y50 res-text\">\n                                <div class=\"text dark\">\n              \n              <div class=\"text-inner text-center\">\n                  \n<h1><b>Contacter<\/b><\/h1>\n<h1>The Bride&#039;s Dressing Room<\/h1>\n              <\/div>\n           <\/div><!-- text-box-inner -->\n                            \n<style scope=\"scope\">\n\n#text-box-453236299 {\n  width: 60%;\n}\n#text-box-453236299 .text {\n  font-size: 100%;\n}\n<\/style>\n    <\/div><!-- text-box -->\n \n        <\/div><!-- .banner-layers -->\n      <\/div><!-- .banner-inner -->\n\n            \n<style scope=\"scope\">\n\n#banner-383657109 {\n  padding-top: 500px;\n}\n#banner-383657109 .bg.bg-loaded {\n  background-image: url(https:\/\/ledressingdesmariees.com\/wp-content\/uploads\/2015\/06\/DSC_0089.jpg);\n}\n#banner-383657109 .overlay {\n  background-color: rgba(0,0,0,.5);\n}\n<\/style>\n  <\/div><!-- .banner -->\n\n\n<div class=\"row\"  id=\"row-1028284034\">\n<div class=\"col small-12 large-12\"  ><div class=\"col-inner text-center\"  >\n<h1>Venir &#038; nous rencontrer<\/h1>\n<div class=\"is-divider divider clearfix\" ><\/div><!-- .divider -->\n<\/div><\/div>\n<\/div>\n<div class=\"row\"  id=\"row-978908223\">\n<div class=\"col medium-6 small-12 large-6\"  ><div class=\"col-inner\"  >\n<p><iframe src=\"https:\/\/www.google.com\/maps\/embed?pb=!1m18!1m12!1m3!1d4204.406994758415!2d6.355510173249222!3d46.177018250633864!2m3!1f0!2f0!3f0!3m2!1i1024!2i768!4f13.1!3m3!1m2!1s0x478c6e27fad7447d%3A0x68be1f4d840b935b!2s7+Rue+Aristide+Briand%2C+74100+Annemasse!5e0!3m2!1sfr!2sfr!4v1504261157938\" width=\"600\" height=\"450\" frameborder=\"0\" style=\"border:0\" allowfullscreen><\/iframe><\/p>\n<\/div><\/div>\n<div class=\"col medium-6 small-12 large-6\"  ><div class=\"col-inner\"  >\n\n<div class=\"wpcf7 no-js\" id=\"wpcf7-f96-o1\" lang=\"fr-FR\" dir=\"ltr\" data-wpcf7-id=\"96\">\n<div class=\"screen-reader-response\"><p role=\"status\" aria-live=\"polite\" aria-atomic=\"true\"><\/p> <ul><\/ul><\/div>\n<form action=\"\/en\/wp-json\/wp\/v2\/pages\/1004#wpcf7-f96-o1\" method=\"post\" class=\"wpcf7-form init\" aria-label=\"Formulaire de contact\" novalidate=\"novalidate\" data-status=\"init\" data-trp-original-action=\"\/en\/wp-json\/wp\/v2\/pages\/1004#wpcf7-f96-o1\">\n<fieldset class=\"hidden-fields-container\"><input type=\"hidden\" name=\"_wpcf7\" value=\"96\" \/><input type=\"hidden\" name=\"_wpcf7_version\" value=\"6.1.5\" \/><input type=\"hidden\" name=\"_wpcf7_locale\" value=\"fr_FR\" \/><input type=\"hidden\" name=\"_wpcf7_unit_tag\" value=\"wpcf7-f96-o1\" \/><input type=\"hidden\" name=\"_wpcf7_container_post\" value=\"0\" \/><input type=\"hidden\" name=\"_wpcf7_posted_data_hash\" value=\"\" \/>\n<\/fieldset>\n<p><span class=\"wpcf7-form-control-wrap\" data-name=\"your-name\"><input size=\"40\" maxlength=\"400\" class=\"wpcf7-form-control wpcf7-text wpcf7-validates-as-required\" aria-required=\"true\" aria-invalid=\"false\" placeholder=\"VOTRE NOM\" value=\"\" type=\"text\" name=\"your-name\" \/><\/span><br \/>\n<span class=\"wpcf7-form-control-wrap\" data-name=\"prenom\"><input size=\"40\" maxlength=\"400\" class=\"wpcf7-form-control wpcf7-text wpcf7-validates-as-required\" aria-required=\"true\" aria-invalid=\"false\" placeholder=\"VOTRE PRENOM\" value=\"\" type=\"text\" name=\"prenom\" \/><\/span><br \/>\n<span class=\"wpcf7-form-control-wrap\" data-name=\"your-email\"><input size=\"40\" maxlength=\"400\" class=\"wpcf7-form-control wpcf7-email wpcf7-validates-as-required wpcf7-text wpcf7-validates-as-email\" aria-required=\"true\" aria-invalid=\"false\" placeholder=\"VOTRE EMAIL\" value=\"\" type=\"email\" name=\"your-email\" \/><\/span><br \/>\n<span class=\"wpcf7-form-control-wrap\" data-name=\"text-tel\"><input size=\"40\" maxlength=\"400\" class=\"wpcf7-form-control wpcf7-text wpcf7-validates-as-required\" aria-required=\"true\" aria-invalid=\"false\" placeholder=\"VOTRE TEL\" value=\"\" type=\"text\" name=\"text-tel\" \/><\/span><br \/>\n<span class=\"wpcf7-form-control-wrap\" data-name=\"your-message\"><textarea cols=\"40\" rows=\"10\" maxlength=\"2000\" class=\"wpcf7-form-control wpcf7-textarea wpcf7-validates-as-required\" aria-required=\"true\" aria-invalid=\"false\" placeholder=\"VOTRE MESSAGE\" name=\"your-message\"><\/textarea><\/span><br \/>\n<input class=\"wpcf7-form-control wpcf7-submit has-spinner\" type=\"submit\" value=\"Send\" \/>\n<\/p><div class=\"wpcf7-response-output\" aria-hidden=\"true\"><\/div>\n<input type=\"hidden\" name=\"trp-form-language\" value=\"en\"\/><\/form>\n<\/div>\n\n<\/div><\/div>\n<\/div>\n<div class=\"row\"  id=\"row-307613754\">\n<div class=\"col small-12 large-12\"  ><div class=\"col-inner text-center\"  >\n<p>Envie d&rsquo;essayer nos <strong>wedding dresses <\/strong>ou nos <strong>robes de cocktails<\/strong>?<br \/>Merci de prendre rendez-vous par mail \u00e0 contact@ledressingdesmariees.com ou par t\u00e9l\u00e9phone au 09 52 74 22 05<br \/><strong>Collections 2017<\/strong> \u00e0 partir de 1&rsquo;300 euros<\/p>\n<p><em>Nous vous recevons exclusivement sur rendez-vous, si vous souhaitez nous rendre visite, contactez-nous afin de vous assurer que nous avons une cabine disponible ou que nous ne sommes pas en d\u00e9placement professionnel.<br \/>Notre service et nos conseils vous sont gracieusement offerts, cependant veuillez vous assurer d&rsquo;arriver \u00e0 l&rsquo;heure afin de ne pas empi\u00e9ter sur le rendez-vous suivant.<br \/>Notez que la dur\u00e9e d&rsquo;un essayage de <strong>wedding dress<\/strong> varie d&rsquo;1h15 \u00e0 1h30.<\/em><\/p>\n<p><strong>Le Dressing Des Mari\u00e9es vous re\u00e7oit sur rendez-vous :<\/strong><\/p>\n<h4>&#8211; Du Mardi au Vendredi de 10h00- 12h30 et de 14h00 \u00e0 18h30<\/h4>\n<h4>&#8211; Le Samedi de 10h00 \u00e0 18h00<\/h4>\n<h4>&#8211; Rendez-vous en soir\u00e9e possible sur demande (19h00 &#8211; 21h00 factur\u00e9 30euros)<\/h4>\n<\/div><\/div>\n<\/div>","protected":false},"excerpt":{"rendered":"","protected":false},"author":2,"featured_media":0,"parent":0,"menu_order":0,"comment_status":"open","ping_status":"open","template":"page-blank.php","meta":{"footnotes":""},"class_list":["post-1004","page","type-page","status-publish","hentry"],"yoast_head":"<!-- This site is optimized with the Yoast SEO plugin v27.4 - https:\/\/yoast.com\/product\/yoast-seo-wordpress\/ -->\n<title>Contactez le dressing des mari\u00e9es<\/title>\n<meta name=\"description\" content=\"Pour toutes vos questions, contactez le Dressing des Mari\u00e9es, sp\u00e9cialiste de la robe de mari\u00e9e sur Annemasse et Gen\u00e8ve\" \/>\n<meta name=\"robots\" content=\"index, follow, max-snippet:-1, max-image-preview:large, max-video-preview:-1\" \/>\n<link rel=\"canonical\" href=\"https:\/\/ledressingdesmariees.com\/en\/contact-2\/\" \/>\n<meta property=\"og:locale\" content=\"en_GB\" \/>\n<meta property=\"og:type\" content=\"article\" \/>\n<meta property=\"og:title\" content=\"Contactez le dressing des mari\u00e9es\" \/>\n<meta property=\"og:description\" content=\"Pour toutes vos questions, contactez le Dressing des Mari\u00e9es, sp\u00e9cialiste de la robe de mari\u00e9e sur Annemasse et Gen\u00e8ve\" \/>\n<meta property=\"og:url\" content=\"https:\/\/ledressingdesmariees.com\/en\/contact-2\/\" \/>\n<meta property=\"og:site_name\" content=\"Le dressing des mariees\" \/>\n<meta property=\"article:publisher\" content=\"https:\/\/www.facebook.com\/Dressingdesmariees\/\" \/>\n<meta property=\"article:modified_time\" content=\"2019-02-03T10:07:35+00:00\" \/>\n<meta name=\"twitter:label1\" content=\"Estimated reading time\" \/>\n\t<meta name=\"twitter:data1\" content=\"1 minute\" \/>\n<script type=\"application\/ld+json\" class=\"yoast-schema-graph\">{\"@context\":\"https:\\\/\\\/schema.org\",\"@graph\":[{\"@type\":\"WebPage\",\"@id\":\"https:\\\/\\\/ledressingdesmariees.com\\\/contact-2\\\/\",\"url\":\"https:\\\/\\\/ledressingdesmariees.com\\\/contact-2\\\/\",\"name\":\"Contactez le dressing des mari\u00e9es\",\"isPartOf\":{\"@id\":\"https:\\\/\\\/ledressingdesmariees.com\\\/#website\"},\"datePublished\":\"2015-06-15T13:11:59+00:00\",\"dateModified\":\"2019-02-03T10:07:35+00:00\",\"description\":\"Pour toutes vos questions, contactez le Dressing des Mari\u00e9es, sp\u00e9cialiste de la robe de mari\u00e9e sur Annemasse et Gen\u00e8ve\",\"breadcrumb\":{\"@id\":\"https:\\\/\\\/ledressingdesmariees.com\\\/contact-2\\\/#breadcrumb\"},\"inLanguage\":\"en-GB\",\"potentialAction\":[{\"@type\":\"ReadAction\",\"target\":[\"https:\\\/\\\/ledressingdesmariees.com\\\/contact-2\\\/\"]}]},{\"@type\":\"BreadcrumbList\",\"@id\":\"https:\\\/\\\/ledressingdesmariees.com\\\/contact-2\\\/#breadcrumb\",\"itemListElement\":[{\"@type\":\"ListItem\",\"position\":1,\"name\":\"Accueil\",\"item\":\"https:\\\/\\\/ledressingdesmariees.com\\\/\"},{\"@type\":\"ListItem\",\"position\":2,\"name\":\"Contact\"}]},{\"@type\":\"WebSite\",\"@id\":\"https:\\\/\\\/ledressingdesmariees.com\\\/#website\",\"url\":\"https:\\\/\\\/ledressingdesmariees.com\\\/\",\"name\":\"Le dressing des mariees\",\"description\":\"\",\"publisher\":{\"@id\":\"https:\\\/\\\/ledressingdesmariees.com\\\/#organization\"},\"potentialAction\":[{\"@type\":\"SearchAction\",\"target\":{\"@type\":\"EntryPoint\",\"urlTemplate\":\"https:\\\/\\\/ledressingdesmariees.com\\\/?s={search_term_string}\"},\"query-input\":{\"@type\":\"PropertyValueSpecification\",\"valueRequired\":true,\"valueName\":\"search_term_string\"}}],\"inLanguage\":\"en-GB\"},{\"@type\":\"Organization\",\"@id\":\"https:\\\/\\\/ledressingdesmariees.com\\\/#organization\",\"name\":\"LE DRESSING DES MARIEES\",\"url\":\"https:\\\/\\\/ledressingdesmariees.com\\\/\",\"logo\":{\"@type\":\"ImageObject\",\"inLanguage\":\"en-GB\",\"@id\":\"https:\\\/\\\/ledressingdesmariees.com\\\/#\\\/schema\\\/logo\\\/image\\\/\",\"url\":\"https:\\\/\\\/ledressingdesmariees.com\\\/wp-content\\\/uploads\\\/2018\\\/01\\\/logoGold.png\",\"contentUrl\":\"https:\\\/\\\/ledressingdesmariees.com\\\/wp-content\\\/uploads\\\/2018\\\/01\\\/logoGold.png\",\"width\":816,\"height\":237,\"caption\":\"LE DRESSING DES MARIEES\"},\"image\":{\"@id\":\"https:\\\/\\\/ledressingdesmariees.com\\\/#\\\/schema\\\/logo\\\/image\\\/\"},\"sameAs\":[\"https:\\\/\\\/www.facebook.com\\\/Dressingdesmariees\\\/\",\"https:\\\/\\\/www.instagram.com\\\/ledressingdesmariees\\\/\",\"https:\\\/\\\/www.pinterest.fr\\\/hayat2013\\\/_created\\\/\"]}]}<\/script>\n<!-- \/ Yoast SEO plugin. -->","yoast_head_json":{"title":"Contactez le dressing des mari\u00e9es","description":"Pour toutes vos questions, contactez le Dressing des Mari\u00e9es, sp\u00e9cialiste de la robe de mari\u00e9e sur Annemasse et Gen\u00e8ve","robots":{"index":"index","follow":"follow","max-snippet":"max-snippet:-1","max-image-preview":"max-image-preview:large","max-video-preview":"max-video-preview:-1"},"canonical":"https:\/\/ledressingdesmariees.com\/en\/contact-2\/","og_locale":"en_GB","og_type":"article","og_title":"Contactez le dressing des mari\u00e9es","og_description":"Pour toutes vos questions, contactez le Dressing des Mari\u00e9es, sp\u00e9cialiste de la robe de mari\u00e9e sur Annemasse et Gen\u00e8ve","og_url":"https:\/\/ledressingdesmariees.com\/en\/contact-2\/","og_site_name":"Le dressing des mariees","article_publisher":"https:\/\/www.facebook.com\/Dressingdesmariees\/","article_modified_time":"2019-02-03T10:07:35+00:00","twitter_misc":{"Estimated reading time":"1 minute"},"schema":{"@context":"https:\/\/schema.org","@graph":[{"@type":"WebPage","@id":"https:\/\/ledressingdesmariees.com\/contact-2\/","url":"https:\/\/ledressingdesmariees.com\/contact-2\/","name":"Contactez le dressing des mari\u00e9es","isPartOf":{"@id":"https:\/\/ledressingdesmariees.com\/#website"},"datePublished":"2015-06-15T13:11:59+00:00","dateModified":"2019-02-03T10:07:35+00:00","description":"Pour toutes vos questions, contactez le Dressing des Mari\u00e9es, sp\u00e9cialiste de la robe de mari\u00e9e sur Annemasse et Gen\u00e8ve","breadcrumb":{"@id":"https:\/\/ledressingdesmariees.com\/contact-2\/#breadcrumb"},"inLanguage":"en-GB","potentialAction":[{"@type":"ReadAction","target":["https:\/\/ledressingdesmariees.com\/contact-2\/"]}]},{"@type":"BreadcrumbList","@id":"https:\/\/ledressingdesmariees.com\/contact-2\/#breadcrumb","itemListElement":[{"@type":"ListItem","position":1,"name":"Accueil","item":"https:\/\/ledressingdesmariees.com\/"},{"@type":"ListItem","position":2,"name":"Contact"}]},{"@type":"WebSite","@id":"https:\/\/ledressingdesmariees.com\/#website","url":"https:\/\/ledressingdesmariees.com\/","name":"The bride&#039;s wardrobe","description":"","publisher":{"@id":"https:\/\/ledressingdesmariees.com\/#organization"},"potentialAction":[{"@type":"SearchAction","target":{"@type":"EntryPoint","urlTemplate":"https:\/\/ledressingdesmariees.com\/?s={search_term_string}"},"query-input":{"@type":"PropertyValueSpecification","valueRequired":true,"valueName":"search_term_string"}}],"inLanguage":"en-GB"},{"@type":"Organization","@id":"https:\/\/ledressingdesmariees.com\/#organization","name":"THE BRIDESMAIDS&#039; DRESSING","url":"https:\/\/ledressingdesmariees.com\/","logo":{"@type":"ImageObject","inLanguage":"en-GB","@id":"https:\/\/ledressingdesmariees.com\/#\/schema\/logo\/image\/","url":"https:\/\/ledressingdesmariees.com\/wp-content\/uploads\/2018\/01\/logoGold.png","contentUrl":"https:\/\/ledressingdesmariees.com\/wp-content\/uploads\/2018\/01\/logoGold.png","width":816,"height":237,"caption":"LE DRESSING DES MARIEES"},"image":{"@id":"https:\/\/ledressingdesmariees.com\/#\/schema\/logo\/image\/"},"sameAs":["https:\/\/www.facebook.com\/Dressingdesmariees\/","https:\/\/www.instagram.com\/ledressingdesmariees\/","https:\/\/www.pinterest.fr\/hayat2013\/_created\/"]}]}},"_links":{"self":[{"href":"https:\/\/ledressingdesmariees.com\/en\/wp-json\/wp\/v2\/pages\/1004","targetHints":{"allow":["GET"]}}],"collection":[{"href":"https:\/\/ledressingdesmariees.com\/en\/wp-json\/wp\/v2\/pages"}],"about":[{"href":"https:\/\/ledressingdesmariees.com\/en\/wp-json\/wp\/v2\/types\/page"}],"author":[{"embeddable":true,"href":"https:\/\/ledressingdesmariees.com\/en\/wp-json\/wp\/v2\/users\/2"}],"replies":[{"embeddable":true,"href":"https:\/\/ledressingdesmariees.com\/en\/wp-json\/wp\/v2\/comments?post=1004"}],"version-history":[{"count":0,"href":"https:\/\/ledressingdesmariees.com\/en\/wp-json\/wp\/v2\/pages\/1004\/revisions"}],"wp:attachment":[{"href":"https:\/\/ledressingdesmariees.com\/en\/wp-json\/wp\/v2\/media?parent=1004"}],"curies":[{"name":"wp","href":"https:\/\/api.w.org\/{rel}","templated":true}]}}