{"id":1003,"date":"2015-06-15T13:07:44","date_gmt":"2015-06-15T13:07:44","guid":{"rendered":"http:\/\/bwdesk.com\/panama\/demo-content\/?page_id=80"},"modified":"2024-02-26T11:03:19","modified_gmt":"2024-02-26T10:03:19","slug":"about-us-2","status":"publish","type":"page","link":"https:\/\/ledressingdesmariees.com\/en\/about-us-2\/","title":{"rendered":"About wedding dresses in Annemasse"},"content":{"rendered":"<div class=\"banner has-hover is-full-height\" id=\"banner-1244024938\">\n          <div class=\"banner-inner fill\">\n        <div class=\"banner-bg fill\" >\n            <div class=\"bg fill bg-fill\"><\/div>\n                        <div class=\"overlay\"><\/div>            \n                    <\/div><!-- bg-layers -->\n        <div class=\"banner-layers container\">\n            <div class=\"fill banner-link\"><\/div>            \n   <div id=\"text-box-850851038\" class=\"text-box banner-layer x0 md-x0 lg-x0 y75 md-y75 lg-y75 res-text\">\n                                <div class=\"text dark\">\n              \n              <div class=\"text-inner text-center\">\n                  \n<h1 class=\"uppercase\"><span style=\"font-size: 100%;\">About<\/span><\/h1>\n<h2>From the Bridal Wardrobe<\/h2>\n              <\/div>\n           <\/div><!-- text-box-inner -->\n                            \n<style scope=\"scope\">\n\n#text-box-850851038 {\n  width: 39%;\n}\n#text-box-850851038 .text {\n  font-size: 100%;\n}\n<\/style>\n    <\/div><!-- text-box -->\n \n        <\/div><!-- .banner-layers -->\n      <\/div><!-- .banner-inner -->\n\n            \n<style scope=\"scope\">\n\n#banner-1244024938 {\n  padding-top: 100%;\n}\n#banner-1244024938 .bg.bg-loaded {\n  background-image: url(https:\/\/ledressingdesmariees.com\/wp-content\/uploads\/2019\/12\/127-1024x683.jpg);\n}\n#banner-1244024938 .overlay {\n  background-color: rgba(0,0,0,.5);\n}\n#banner-1244024938 .bg {\n  background-position: 0% 0%;\n}\n<\/style>\n  <\/div><!-- .banner -->\n\n\n<div class=\"row\"  id=\"row-1051997316\">\n<div class=\"col small-12 large-12\"  ><div class=\"col-inner\"  >\n<h1 style=\"text-align: center;\">Our Concept<\/h1>\n<div class=\"text-center\"><div class=\"is-divider divider clearfix\" ><\/div><\/div><!-- .divider -->\n<p>For nearly 18 years, Hayette has been dressing brides. After working in Paris and Dubai, she settled in Geneva in 2010 and offered her services to a fashion house in Carouge. For almost five years, she trained under her mentors, &quot;the three sisters&quot; Evelyne, Chantal, and Monique, founders of the Cymbeline fashion house and later Atelier Emelia, which you can see today on the show &quot;La robe de ma vie&quot; (The Dress of My Life).<\/p>\n<p>In 2015 you may have met her in Lausanne where she offered her services as a consultant. In 2016 she advised you at the Dressing des Mari\u00e9es showroom in Bellevue-Genthod.<span class=\"apple-converted-space\">\u00a0That same year,<\/span><strong>\u00a0<\/strong>She launched her first collection, which was presented at the Montreux Moda competition organized by Giovanni Lo Presti.<\/p>\n<p><a href=\"https:\/\/ledressingdesmariees.com\/wp-content\/uploads\/2019\/05\/13640901_10209835064052832_6448256658294860848_o-300x300.jpg\">\u00a0 \u00a0 \u00a0 \u00a0 \u00a0 \u00a0 \u00a0 \u00a0 \u00a0 \u00a0 \u00a0 \u00a0 \u00a0 \u00a0 \u00a0 \u00a0 \u00a0 \u00a0 \u00a0 \u00a0 \u00a0 \u00a0 \u00a0 \u00a0 \u00a0 \u00a0 \u00a0 \u00a0 \u00a0 \u00a0 \u00a0 \u00a0 \u00a0 \u00a0 \u00a0 \u00a0 \u00a0 \u00a0 \u00a0 \u00a0 \u00a0 \u00a0 \u00a0 \u00a0 \u00a0 \u00a0 \u00a0 \u00a0 \u00a0 \u00a0 \u00a0 \u00a0 \u00a0 \u00a0 \u00a0 \u00a0 \u00a0 \u00a0 \u00a0 \u00a0 \u00a0 \u00a0\u00a0<img fetchpriority=\"high\" decoding=\"async\" class=\"alignnonewp-image-4437\" src=\"https:\/\/ledressingdesmariees.com\/wp-content\/uploads\/2019\/05\/13640901_10209835064052832_6448256658294860848_o-300x300.jpg\" alt=\"\" width=\"303\" height=\"303\" srcset=\"https:\/\/ledressingdesmariees.com\/wp-content\/uploads\/2019\/05\/13640901_10209835064052832_6448256658294860848_o-300x300.jpg 300w, https:\/\/ledressingdesmariees.com\/wp-content\/uploads\/2019\/05\/13640901_10209835064052832_6448256658294860848_o-300x300-100x100.jpg 100w, https:\/\/ledressingdesmariees.com\/wp-content\/uploads\/2019\/05\/13640901_10209835064052832_6448256658294860848_o-300x300-150x150.jpg 150w\" sizes=\"(max-width: 303px) 100vw, 303px\" \/><\/a><\/p>\n<p>Nothing is more important to him than offering you\u00a0<strong>wedding dresses<\/strong>\u00a0of very high quality, unique and exclusive. The founder travels throughout Europe to offer you a wide selection of\u00a0<strong>designer dress<\/strong>\u00a0trendy and current.<\/p>\n<p>If you are looking for a\u00a0<strong>wedding dress<\/strong>\u00a0For a unique dress, contact us; our team will be delighted to design the dress of your dreams, tailored to your measurements and personalized according to your wishes.<\/p>\n<p style=\"text-align: left;\">Today, Hayette welcomes you to her\u00a0<strong>wedding shop <\/strong>\u00e0\u00a0<strong>Annemasse\u00a0<\/strong>between<span class=\"apple-converted-space\">\u00a0<\/span><strong>Annecy<\/strong>,<span class=\"apple-converted-space\">\u00a0<\/span><strong>Geneva<\/strong>,<span class=\"apple-converted-space\">\u00a0And\u00a0<\/span><strong>Lausanne<\/strong>. Come and meet this real<span class=\"apple-converted-space\">\u00a0<\/span><strong>passionate\u00a0<\/strong>for whom the<span class=\"apple-converted-space\">\u00a0<\/span><strong>wedding dresses\u00a0<\/strong>They have no more secrets!<\/p>\n<p><span style=\"color: #333333;\"><span style=\"font-size: 110%;\"><strong>We only accept appointments. <\/strong>, <strong>S<\/strong><\/span><\/span><strong><span style=\"color: #333333;\"><span style=\"font-size: 110%;\">If you would like to visit us, or book a fitting, please contact us. <span style=\"font-size: 105%; color: #333333;\">at 07 68 41 43 27 <\/span>to ensure that we\u00a0<\/span><span style=\"caret-color: #333333; font-size: 15.84000015258789px;\">are<\/span><span style=\"font-size: 110%;\">\u00a0available.<\/span><\/span><\/strong><\/p>\n<\/div><\/div>\n<\/div>\n<div class=\"row\"  id=\"row-531343924\">\n<div class=\"col small-12 large-12\"  ><div class=\"col-inner\"  >\n<\/div><\/div>\n<\/div>","protected":false},"excerpt":{"rendered":"","protected":false},"author":2,"featured_media":2224,"parent":0,"menu_order":0,"comment_status":"open","ping_status":"open","template":"page-blank.php","meta":{"footnotes":""},"class_list":["post-1003","page","type-page","status-publish","has-post-thumbnail","hentry"],"yoast_head":"<!-- This site is optimized with the Yoast SEO plugin v27.4 - https:\/\/yoast.com\/product\/yoast-seo-wordpress\/ -->\n<title>A propos de nous - Le dressing des mari\u00e9es, \u00e0 Annemasse<\/title>\n<meta name=\"description\" content=\"A propos du dressing des mari\u00e9es - D\u00e9couvrez l&#039;histoire du dressing des mari\u00e9es et de Hayette sa fondatrice\" \/>\n<meta name=\"robots\" content=\"index, follow, max-snippet:-1, max-image-preview:large, max-video-preview:-1\" \/>\n<link rel=\"canonical\" href=\"https:\/\/ledressingdesmariees.com\/en\/about-us-2\/\" \/>\n<meta property=\"og:locale\" content=\"en_GB\" \/>\n<meta property=\"og:type\" content=\"article\" \/>\n<meta property=\"og:title\" content=\"A propos de nous - Le dressing des mari\u00e9es, \u00e0 Annemasse\" \/>\n<meta property=\"og:description\" content=\"A propos du dressing des mari\u00e9es - D\u00e9couvrez l&#039;histoire du dressing des mari\u00e9es et de Hayette sa fondatrice\" \/>\n<meta property=\"og:url\" content=\"https:\/\/ledressingdesmariees.com\/en\/about-us-2\/\" \/>\n<meta property=\"og:site_name\" content=\"Le dressing des mariees\" \/>\n<meta property=\"article:publisher\" content=\"https:\/\/www.facebook.com\/Dressingdesmariees\/\" \/>\n<meta property=\"article:modified_time\" content=\"2024-02-26T10:03:19+00:00\" \/>\n<meta property=\"og:image\" content=\"https:\/\/ledressingdesmariees.com\/wp-content\/uploads\/2015\/06\/34a1-1024x367.jpg\" \/>\n\t<meta property=\"og:image:width\" content=\"1024\" \/>\n\t<meta property=\"og:image:height\" content=\"367\" \/>\n\t<meta property=\"og:image:type\" content=\"image\/jpeg\" \/>\n<meta name=\"twitter:label1\" content=\"Estimated reading time\" \/>\n\t<meta name=\"twitter:data1\" content=\"2 minutes\" \/>\n<script type=\"application\/ld+json\" class=\"yoast-schema-graph\">{\"@context\":\"https:\\\/\\\/schema.org\",\"@graph\":[{\"@type\":\"WebPage\",\"@id\":\"https:\\\/\\\/ledressingdesmariees.com\\\/about-us-2\\\/\",\"url\":\"https:\\\/\\\/ledressingdesmariees.com\\\/about-us-2\\\/\",\"name\":\"A propos de nous - Le dressing des mari\u00e9es, \u00e0 Annemasse\",\"isPartOf\":{\"@id\":\"https:\\\/\\\/ledressingdesmariees.com\\\/#website\"},\"primaryImageOfPage\":{\"@id\":\"https:\\\/\\\/ledressingdesmariees.com\\\/about-us-2\\\/#primaryimage\"},\"image\":{\"@id\":\"https:\\\/\\\/ledressingdesmariees.com\\\/about-us-2\\\/#primaryimage\"},\"thumbnailUrl\":\"https:\\\/\\\/ledressingdesmariees.com\\\/wp-content\\\/uploads\\\/2015\\\/06\\\/34a1.jpg\",\"datePublished\":\"2015-06-15T13:07:44+00:00\",\"dateModified\":\"2024-02-26T10:03:19+00:00\",\"description\":\"A propos du dressing des mari\u00e9es - D\u00e9couvrez l'histoire du dressing des mari\u00e9es et de Hayette sa fondatrice\",\"breadcrumb\":{\"@id\":\"https:\\\/\\\/ledressingdesmariees.com\\\/about-us-2\\\/#breadcrumb\"},\"inLanguage\":\"en-GB\",\"potentialAction\":[{\"@type\":\"ReadAction\",\"target\":[\"https:\\\/\\\/ledressingdesmariees.com\\\/about-us-2\\\/\"]}]},{\"@type\":\"ImageObject\",\"inLanguage\":\"en-GB\",\"@id\":\"https:\\\/\\\/ledressingdesmariees.com\\\/about-us-2\\\/#primaryimage\",\"url\":\"https:\\\/\\\/ledressingdesmariees.com\\\/wp-content\\\/uploads\\\/2015\\\/06\\\/34a1.jpg\",\"contentUrl\":\"https:\\\/\\\/ledressingdesmariees.com\\\/wp-content\\\/uploads\\\/2015\\\/06\\\/34a1.jpg\",\"width\":7708,\"height\":2764},{\"@type\":\"BreadcrumbList\",\"@id\":\"https:\\\/\\\/ledressingdesmariees.com\\\/about-us-2\\\/#breadcrumb\",\"itemListElement\":[{\"@type\":\"ListItem\",\"position\":1,\"name\":\"Accueil\",\"item\":\"https:\\\/\\\/ledressingdesmariees.com\\\/\"},{\"@type\":\"ListItem\",\"position\":2,\"name\":\"A propos robes de mari\u00e9es \u00e0 Annemasse\"}]},{\"@type\":\"WebSite\",\"@id\":\"https:\\\/\\\/ledressingdesmariees.com\\\/#website\",\"url\":\"https:\\\/\\\/ledressingdesmariees.com\\\/\",\"name\":\"Le dressing des mariees\",\"description\":\"\",\"publisher\":{\"@id\":\"https:\\\/\\\/ledressingdesmariees.com\\\/#organization\"},\"potentialAction\":[{\"@type\":\"SearchAction\",\"target\":{\"@type\":\"EntryPoint\",\"urlTemplate\":\"https:\\\/\\\/ledressingdesmariees.com\\\/?s={search_term_string}\"},\"query-input\":{\"@type\":\"PropertyValueSpecification\",\"valueRequired\":true,\"valueName\":\"search_term_string\"}}],\"inLanguage\":\"en-GB\"},{\"@type\":\"Organization\",\"@id\":\"https:\\\/\\\/ledressingdesmariees.com\\\/#organization\",\"name\":\"LE DRESSING DES MARIEES\",\"url\":\"https:\\\/\\\/ledressingdesmariees.com\\\/\",\"logo\":{\"@type\":\"ImageObject\",\"inLanguage\":\"en-GB\",\"@id\":\"https:\\\/\\\/ledressingdesmariees.com\\\/#\\\/schema\\\/logo\\\/image\\\/\",\"url\":\"https:\\\/\\\/ledressingdesmariees.com\\\/wp-content\\\/uploads\\\/2018\\\/01\\\/logoGold.png\",\"contentUrl\":\"https:\\\/\\\/ledressingdesmariees.com\\\/wp-content\\\/uploads\\\/2018\\\/01\\\/logoGold.png\",\"width\":816,\"height\":237,\"caption\":\"LE DRESSING DES MARIEES\"},\"image\":{\"@id\":\"https:\\\/\\\/ledressingdesmariees.com\\\/#\\\/schema\\\/logo\\\/image\\\/\"},\"sameAs\":[\"https:\\\/\\\/www.facebook.com\\\/Dressingdesmariees\\\/\",\"https:\\\/\\\/www.instagram.com\\\/ledressingdesmariees\\\/\",\"https:\\\/\\\/www.pinterest.fr\\\/hayat2013\\\/_created\\\/\"]}]}<\/script>\n<!-- \/ Yoast SEO plugin. -->","yoast_head_json":{"title":"A propos de nous - Le dressing des mari\u00e9es, \u00e0 Annemasse","description":"A propos du dressing des mari\u00e9es - D\u00e9couvrez l'histoire du dressing des mari\u00e9es et de Hayette sa fondatrice","robots":{"index":"index","follow":"follow","max-snippet":"max-snippet:-1","max-image-preview":"max-image-preview:large","max-video-preview":"max-video-preview:-1"},"canonical":"https:\/\/ledressingdesmariees.com\/en\/about-us-2\/","og_locale":"en_GB","og_type":"article","og_title":"A propos de nous - Le dressing des mari\u00e9es, \u00e0 Annemasse","og_description":"A propos du dressing des mari\u00e9es - D\u00e9couvrez l'histoire du dressing des mari\u00e9es et de Hayette sa fondatrice","og_url":"https:\/\/ledressingdesmariees.com\/en\/about-us-2\/","og_site_name":"Le dressing des mariees","article_publisher":"https:\/\/www.facebook.com\/Dressingdesmariees\/","article_modified_time":"2024-02-26T10:03:19+00:00","og_image":[{"width":1024,"height":367,"url":"https:\/\/ledressingdesmariees.com\/wp-content\/uploads\/2015\/06\/34a1-1024x367.jpg","type":"image\/jpeg"}],"twitter_misc":{"Estimated reading time":"2 minutes"},"schema":{"@context":"https:\/\/schema.org","@graph":[{"@type":"WebPage","@id":"https:\/\/ledressingdesmariees.com\/about-us-2\/","url":"https:\/\/ledressingdesmariees.com\/about-us-2\/","name":"A propos de nous - Le dressing des mari\u00e9es, \u00e0 Annemasse","isPartOf":{"@id":"https:\/\/ledressingdesmariees.com\/#website"},"primaryImageOfPage":{"@id":"https:\/\/ledressingdesmariees.com\/about-us-2\/#primaryimage"},"image":{"@id":"https:\/\/ledressingdesmariees.com\/about-us-2\/#primaryimage"},"thumbnailUrl":"https:\/\/ledressingdesmariees.com\/wp-content\/uploads\/2015\/06\/34a1.jpg","datePublished":"2015-06-15T13:07:44+00:00","dateModified":"2024-02-26T10:03:19+00:00","description":"A propos du dressing des mari\u00e9es - D\u00e9couvrez l'histoire du dressing des mari\u00e9es et de Hayette sa fondatrice","breadcrumb":{"@id":"https:\/\/ledressingdesmariees.com\/about-us-2\/#breadcrumb"},"inLanguage":"en-GB","potentialAction":[{"@type":"ReadAction","target":["https:\/\/ledressingdesmariees.com\/about-us-2\/"]}]},{"@type":"ImageObject","inLanguage":"en-GB","@id":"https:\/\/ledressingdesmariees.com\/about-us-2\/#primaryimage","url":"https:\/\/ledressingdesmariees.com\/wp-content\/uploads\/2015\/06\/34a1.jpg","contentUrl":"https:\/\/ledressingdesmariees.com\/wp-content\/uploads\/2015\/06\/34a1.jpg","width":7708,"height":2764},{"@type":"BreadcrumbList","@id":"https:\/\/ledressingdesmariees.com\/about-us-2\/#breadcrumb","itemListElement":[{"@type":"ListItem","position":1,"name":"Accueil","item":"https:\/\/ledressingdesmariees.com\/"},{"@type":"ListItem","position":2,"name":"A propos robes de mari\u00e9es \u00e0 Annemasse"}]},{"@type":"WebSite","@id":"https:\/\/ledressingdesmariees.com\/#website","url":"https:\/\/ledressingdesmariees.com\/","name":"The bride&#039;s wardrobe","description":"","publisher":{"@id":"https:\/\/ledressingdesmariees.com\/#organization"},"potentialAction":[{"@type":"SearchAction","target":{"@type":"EntryPoint","urlTemplate":"https:\/\/ledressingdesmariees.com\/?s={search_term_string}"},"query-input":{"@type":"PropertyValueSpecification","valueRequired":true,"valueName":"search_term_string"}}],"inLanguage":"en-GB"},{"@type":"Organization","@id":"https:\/\/ledressingdesmariees.com\/#organization","name":"THE BRIDESMAIDS&#039; DRESSING","url":"https:\/\/ledressingdesmariees.com\/","logo":{"@type":"ImageObject","inLanguage":"en-GB","@id":"https:\/\/ledressingdesmariees.com\/#\/schema\/logo\/image\/","url":"https:\/\/ledressingdesmariees.com\/wp-content\/uploads\/2018\/01\/logoGold.png","contentUrl":"https:\/\/ledressingdesmariees.com\/wp-content\/uploads\/2018\/01\/logoGold.png","width":816,"height":237,"caption":"LE DRESSING DES MARIEES"},"image":{"@id":"https:\/\/ledressingdesmariees.com\/#\/schema\/logo\/image\/"},"sameAs":["https:\/\/www.facebook.com\/Dressingdesmariees\/","https:\/\/www.instagram.com\/ledressingdesmariees\/","https:\/\/www.pinterest.fr\/hayat2013\/_created\/"]}]}},"_links":{"self":[{"href":"https:\/\/ledressingdesmariees.com\/en\/wp-json\/wp\/v2\/pages\/1003","targetHints":{"allow":["GET"]}}],"collection":[{"href":"https:\/\/ledressingdesmariees.com\/en\/wp-json\/wp\/v2\/pages"}],"about":[{"href":"https:\/\/ledressingdesmariees.com\/en\/wp-json\/wp\/v2\/types\/page"}],"author":[{"embeddable":true,"href":"https:\/\/ledressingdesmariees.com\/en\/wp-json\/wp\/v2\/users\/2"}],"replies":[{"embeddable":true,"href":"https:\/\/ledressingdesmariees.com\/en\/wp-json\/wp\/v2\/comments?post=1003"}],"version-history":[{"count":0,"href":"https:\/\/ledressingdesmariees.com\/en\/wp-json\/wp\/v2\/pages\/1003\/revisions"}],"wp:featuredmedia":[{"embeddable":true,"href":"https:\/\/ledressingdesmariees.com\/en\/wp-json\/wp\/v2\/media\/2224"}],"wp:attachment":[{"href":"https:\/\/ledressingdesmariees.com\/en\/wp-json\/wp\/v2\/media?parent=1003"}],"curies":[{"name":"wp","href":"https:\/\/api.w.org\/{rel}","templated":true}]}}